{"id":821,"date":"2022-05-19T13:30:07","date_gmt":"2022-05-19T12:30:07","guid":{"rendered":"https:\/\/www.provaznik.info\/fotoprovaz\/?page_id=821"},"modified":"2024-03-27T20:55:22","modified_gmt":"2024-03-27T19:55:22","slug":"osobnosti-svetove","status":"publish","type":"page","link":"https:\/\/www.provaznik.info\/fotoprovaz\/osobnosti-svetove\/","title":{"rendered":"Osobnosti sv\u011btov\u00e9"},"content":{"rendered":"\n<p>Zde najdete fotografick\u00e9 osobnosti z cel\u00e9ho sv\u011bta. <br>Osobnosti \u010cesk\u00e9, Slovensk\u00e9 a \u010ceskoslovensk\u00e9 fotografie hledejte na <a href=\"https:\/\/www.provaznik.info\/fotoprovaz\/foto-odkazy\/osobnosti-cz-sk\/\" data-type=\"page\" data-id=\"675\">samostatn\u00e9 str\u00e1nce.<\/a> <\/p>\n\n\n\n<h2 class=\"wp-block-heading\">Francie<\/h2>\n\n\n\n<p>Henri Georges Cartier-Bresson (22. 08. 1908 &#8211; 03. 08. 2004) &#8230; <a href=\"https:\/\/cs.wikipedia.org\/wiki\/Henri_Cartier-Bresson\" target=\"_blank\" rel=\"noreferrer noopener\">Wiki<\/a> <\/p>\n\n\n\n<p>Robert Doisneau (14. 04. 1912 &#8211; 01. 04. 1994) &#8230; <a href=\"https:\/\/cs.wikipedia.org\/wiki\/Robert_Doisneau\" target=\"_blank\" rel=\"noreferrer noopener\">Wiki<\/a><\/p>\n\n\n\n<p>Willy Ronis (14. 08. 1910 \u2013 11. 09. 2009)&#8230; <a href=\"https:\/\/cs.wikipedia.org\/wiki\/Willy_Ronis\" target=\"_blank\" rel=\"noreferrer noopener\">Wiki<\/a><\/p>\n\n\n\n<p><a href=\"https:\/\/www.provaznik.info\/fotoprovaz\/osobnosti-svetove\/eugene-atget-1857-1927\/\" data-type=\"page\" data-id=\"1519\">Eug\u00e8ne Atget<\/a>, 1857\u20131927<\/p>\n\n\n\n<h2 class=\"wp-block-heading\">USA<\/h2>\n\n\n\n<p><a href=\"https:\/\/www.provaznik.info\/fotoprovaz\/osobnosti-svet\/danny-clinch-1964\/\" data-type=\"page\" data-id=\"1097\">Danny Clinch<\/a> (1964) &#8211; Hudebn\u00ed fotografie.<\/p>\n\n\n\n<p><a href=\"https:\/\/www.provaznik.info\/fotoprovaz\/robert-mapplethorpe\/\" data-type=\"page\" data-id=\"1212\">Robert Mapplethorpe<\/a> (1946 &#8211; 1989) &#8211; portr\u00e9tn\u00ed fotograf a vizu\u00e1ln\u00ed um\u011blec<\/p>\n\n\n\n<p><a href=\"https:\/\/www.provaznik.info\/fotoprovaz\/?page_id=1265\" data-type=\"page\" data-id=\"1265\">Martha Coope<\/a>r (* 09. 03. 1943 v Baltimore, Maryland, USA) &#8211; Fotografick\u00fd dokument, street art fotografie,  fotografie graffiti, street artu, mural artu, soci\u00e1ln\u00ed t\u00e9ma. <\/p>\n","protected":false},"excerpt":{"rendered":"<p>Zde najdete fotografick\u00e9 osobnosti z cel\u00e9ho sv\u011bta. Osobnosti \u010cesk\u00e9, Slovensk\u00e9 a \u010ceskoslovensk\u00e9 fotografie hledejte na samostatn\u00e9 str\u00e1nce. Francie Henri Georges Cartier-Bresson (22. 08. 1908 &#8211; 03. 08. 2004) &#8230; Wiki <\/p>\n","protected":false},"author":1,"featured_media":0,"parent":0,"menu_order":0,"comment_status":"closed","ping_status":"closed","template":"","meta":{"ngg_post_thumbnail":0,"footnotes":""},"class_list":["post-821","page","type-page","status-publish","hentry"],"_links":{"self":[{"href":"https:\/\/www.provaznik.info\/fotoprovaz\/wp-json\/wp\/v2\/pages\/821","targetHints":{"allow":["GET"]}}],"collection":[{"href":"https:\/\/www.provaznik.info\/fotoprovaz\/wp-json\/wp\/v2\/pages"}],"about":[{"href":"https:\/\/www.provaznik.info\/fotoprovaz\/wp-json\/wp\/v2\/types\/page"}],"author":[{"embeddable":true,"href":"https:\/\/www.provaznik.info\/fotoprovaz\/wp-json\/wp\/v2\/users\/1"}],"replies":[{"embeddable":true,"href":"https:\/\/www.provaznik.info\/fotoprovaz\/wp-json\/wp\/v2\/comments?post=821"}],"version-history":[{"count":11,"href":"https:\/\/www.provaznik.info\/fotoprovaz\/wp-json\/wp\/v2\/pages\/821\/revisions"}],"predecessor-version":[{"id":1524,"href":"https:\/\/www.provaznik.info\/fotoprovaz\/wp-json\/wp\/v2\/pages\/821\/revisions\/1524"}],"wp:attachment":[{"href":"https:\/\/www.provaznik.info\/fotoprovaz\/wp-json\/wp\/v2\/media?parent=821"}],"curies":[{"name":"wp","href":"https:\/\/api.w.org\/{rel}","templated":true}]}}