{"id":599,"date":"2022-05-12T08:20:04","date_gmt":"2022-05-12T07:20:04","guid":{"rendered":"https:\/\/www.provaznik.info\/fotoprovaz\/?page_id=599"},"modified":"2022-05-12T08:49:42","modified_gmt":"2022-05-12T07:49:42","slug":"fotoklub-beseda-otrokovice","status":"publish","type":"page","link":"https:\/\/www.provaznik.info\/fotoprovaz\/foto-odkazy\/fotokluby\/fotoklub-beseda-otrokovice\/","title":{"rendered":"Fotoklub Beseda Otrokovice"},"content":{"rendered":"\n<p>Fotoklub Otrokovick\u00e9 Besedy byl zalo\u017een v roce 1949 jako krou\u017eek vznikaj\u00edc\u00edho Z\u00e1vodn\u00edho klubu SVIT Otrokovice.<br>Za uplynul\u00fdch v\u00edce jak 60 let existence \u010dlenov\u00e9 vykonali kus poctiv\u00e9 pr\u00e1ce. Z\u00e1sluhu na tom maj\u00ed p\u0159edev\u0161\u00edm p\u0159edsedov\u00e9,<br>z nich\u017e ka\u017ed\u00fd p\u0159inesl do \u017eivota klubu nov\u00e9 my\u0161lenky, nov\u00fd sm\u011br pr\u00e1ce a nov\u00fd el\u00e1n. Byli to P.Svoboda, J.Neuwirt, F.Kub\u00ed\u010dek, J.Kou\u0159il, J.Doubrava, Jaroslav Posp\u00ed\u0161il, Jaroslav Hlavinka, V\u00e1clav Waltr, Michal Mad\u011bra a Petr Bo\u0159uta, kter\u00fd vede fotoklub dodnes.<br>Ob\u011btavou pr\u00e1c\u00ed vykonali a d\u00edk zaslou\u017e\u00ed p\u0159edev\u0161\u00edm \u010dlenov\u00e9, kte\u0159\u00ed st\u00e1li u za\u010d\u00e1tk\u016f a ochotn\u011b p\u0159ed\u00e1vali zku\u0161enosti mlad\u0161\u00edm, byli to Mudr.Sumec, Miroslav a Ladislav Mina\u0159\u00edkovi, J.La\u010d\u0148\u00e1k, Zden\u011bk Stu\u0161, Vil\u00e9m Bartul\u00edk a Anton\u00edn \u0160petla, kter\u00fd byl v\u00edce ne\u017e dvacet let hospod\u00e1\u0159em.<\/p>\n\n\n\n<p>D\u00e1 se spo\u010d\u00edtat , \u017ee fotokrou\u017ekem (fotoklubem) pro\u0161lo v\u00edce ne\u017e 300 fotoamat\u00e9r\u016f. V sou\u010dasnosti \u010d\u00edt\u00e1 fotoklub p\u0159es 30 \u010dlen\u016f.<\/p>\n\n\n\n<p class=\"has-text-align-left\"><em>zdroj <\/em>:<\/p>\n\n\n\n<p><em>Fotoklub Otrokovice<\/em> <em>&#8211; Historie <\/em>[online]. FBO: \u00a92020 [cit. 12.05.2020]. Dostupn\u00e9 z: http:\/\/fotoklub-otrokovice.cz\/historie-fotoklubu-beseda-otrokovice\/<\/p>\n\n\n\n<h2 class=\"wp-block-heading\">Odkazy<\/h2>\n\n\n\n<p>www: <a href=\"http:\/\/fotoklub-otrokovice.cz\/\" target=\"_blank\" rel=\"noreferrer noopener\">http:\/\/fotoklub-otrokovice.cz\/<\/a><\/p>\n","protected":false},"excerpt":{"rendered":"<p>Fotoklub Otrokovick\u00e9 Besedy byl zalo\u017een v roce 1949 jako krou\u017eek vznikaj\u00edc\u00edho Z\u00e1vodn\u00edho klubu SVIT Otrokovice.Za uplynul\u00fdch v\u00edce jak 60 let existence \u010dlenov\u00e9 vykonali kus poctiv\u00e9 pr\u00e1ce. Z\u00e1sluhu na tom maj\u00ed <\/p>\n","protected":false},"author":1,"featured_media":0,"parent":409,"menu_order":0,"comment_status":"closed","ping_status":"closed","template":"","meta":{"ngg_post_thumbnail":0,"footnotes":""},"class_list":["post-599","page","type-page","status-publish","hentry"],"_links":{"self":[{"href":"https:\/\/www.provaznik.info\/fotoprovaz\/wp-json\/wp\/v2\/pages\/599","targetHints":{"allow":["GET"]}}],"collection":[{"href":"https:\/\/www.provaznik.info\/fotoprovaz\/wp-json\/wp\/v2\/pages"}],"about":[{"href":"https:\/\/www.provaznik.info\/fotoprovaz\/wp-json\/wp\/v2\/types\/page"}],"author":[{"embeddable":true,"href":"https:\/\/www.provaznik.info\/fotoprovaz\/wp-json\/wp\/v2\/users\/1"}],"replies":[{"embeddable":true,"href":"https:\/\/www.provaznik.info\/fotoprovaz\/wp-json\/wp\/v2\/comments?post=599"}],"version-history":[{"count":2,"href":"https:\/\/www.provaznik.info\/fotoprovaz\/wp-json\/wp\/v2\/pages\/599\/revisions"}],"predecessor-version":[{"id":602,"href":"https:\/\/www.provaznik.info\/fotoprovaz\/wp-json\/wp\/v2\/pages\/599\/revisions\/602"}],"up":[{"embeddable":true,"href":"https:\/\/www.provaznik.info\/fotoprovaz\/wp-json\/wp\/v2\/pages\/409"}],"wp:attachment":[{"href":"https:\/\/www.provaznik.info\/fotoprovaz\/wp-json\/wp\/v2\/media?parent=599"}],"curies":[{"name":"wp","href":"https:\/\/api.w.org\/{rel}","templated":true}]}}