{"id":481,"date":"2022-05-04T15:01:32","date_gmt":"2022-05-04T14:01:32","guid":{"rendered":"https:\/\/www.provaznik.info\/fotoprovaz\/?page_id=481"},"modified":"2022-05-12T09:07:15","modified_gmt":"2022-05-12T08:07:15","slug":"fotoklub-rk","status":"publish","type":"page","link":"https:\/\/www.provaznik.info\/fotoprovaz\/foto-odkazy\/fotokluby\/fotoklub-rk\/","title":{"rendered":"Fotoklub RK"},"content":{"rendered":"\n<p>Spolek p\u0159\u00edznivc\u016f analogov\u00e9 \u010di digit\u00e1ln\u00ed fotografie z okol\u00ed Rychnova nad Kn\u011b\u017enou. <br>Fotoklub RK vznikl na sklonku roku 2010 jako voln\u00e9 sdru\u017een\u00ed fotograf\u016f z regionu, kde m\u00edsto bydli\u0161t\u011b nerozhoduje. Klubov\u00e1 \u010dinnost se zam\u011b\u0159uje na prezentaci a hodnocen\u00ed tvorby navz\u00e1jem, kdy velk\u00fdm p\u0159\u00ednosem jsou v\u011bdomosti zku\u0161en\u011bj\u0161\u00edch \u010dlen\u016f. D\u00e1le na v\u00fdm\u011bnu zku\u0161enost\u00ed, individu\u00e1ln\u00ed \u00fa\u010dast na workshopech, besedy nad t\u00e9maty (n\u011bkdy i nefotografick\u00fdmi) a zvan\u00ed host\u016f, kte\u0159\u00ed maj\u00ed ostatn\u00edm co \u0159\u00edci. Klub je st\u00e1le zapojen do Ratibo\u0159ick\u00e9ho mapov\u00e9ho okruhu a ka\u017edoro\u010dn\u011b po\u0159\u00e1d\u00e1 v\u00fdstavu sv\u00fdch fotografi\u00ed.<\/p>\n\n\n\n<p class=\"has-text-align-left\">Zdroj: Facebook [online]. 12.05.2022 [cit. 12.05.2022]. Dostupn\u00e9 z: https:\/\/www.facebook.com\/fotoklubRK\/<\/p>\n\n\n\n<h2 class=\"wp-block-heading\">Odkazy<\/h2>\n\n\n\n<p>Facebook: <a href=\"https:\/\/www.facebook.com\/fotoklubRK\/\">https:\/\/www.facebook.com\/fotoklubRK\/<\/a><\/p>\n\n\n\n<p>Fotoreport 07.2021: <a href=\"https:\/\/www.provaznik.info\/fotoprovaz\/2021\/07\/23\/fotoreport-fotoklub-rk-vystava\/\" data-type=\"post\" data-id=\"483\">Fotoreport: Fotoklub RK \u2013 V\u00fdstava 2021<\/a><\/p>\n","protected":false},"excerpt":{"rendered":"<p>Spolek p\u0159\u00edznivc\u016f analogov\u00e9 \u010di digit\u00e1ln\u00ed fotografie z okol\u00ed Rychnova nad Kn\u011b\u017enou. Fotoklub RK vznikl na sklonku roku 2010 jako voln\u00e9 sdru\u017een\u00ed fotograf\u016f z regionu, kde m\u00edsto bydli\u0161t\u011b nerozhoduje. Klubov\u00e1 \u010dinnost <\/p>\n","protected":false},"author":1,"featured_media":0,"parent":409,"menu_order":0,"comment_status":"closed","ping_status":"closed","template":"","meta":{"ngg_post_thumbnail":0,"footnotes":""},"class_list":["post-481","page","type-page","status-publish","hentry"],"_links":{"self":[{"href":"https:\/\/www.provaznik.info\/fotoprovaz\/wp-json\/wp\/v2\/pages\/481","targetHints":{"allow":["GET"]}}],"collection":[{"href":"https:\/\/www.provaznik.info\/fotoprovaz\/wp-json\/wp\/v2\/pages"}],"about":[{"href":"https:\/\/www.provaznik.info\/fotoprovaz\/wp-json\/wp\/v2\/types\/page"}],"author":[{"embeddable":true,"href":"https:\/\/www.provaznik.info\/fotoprovaz\/wp-json\/wp\/v2\/users\/1"}],"replies":[{"embeddable":true,"href":"https:\/\/www.provaznik.info\/fotoprovaz\/wp-json\/wp\/v2\/comments?post=481"}],"version-history":[{"count":4,"href":"https:\/\/www.provaznik.info\/fotoprovaz\/wp-json\/wp\/v2\/pages\/481\/revisions"}],"predecessor-version":[{"id":618,"href":"https:\/\/www.provaznik.info\/fotoprovaz\/wp-json\/wp\/v2\/pages\/481\/revisions\/618"}],"up":[{"embeddable":true,"href":"https:\/\/www.provaznik.info\/fotoprovaz\/wp-json\/wp\/v2\/pages\/409"}],"wp:attachment":[{"href":"https:\/\/www.provaznik.info\/fotoprovaz\/wp-json\/wp\/v2\/media?parent=481"}],"curies":[{"name":"wp","href":"https:\/\/api.w.org\/{rel}","templated":true}]}}