{"id":413,"date":"2022-05-04T12:01:46","date_gmt":"2022-05-04T11:01:46","guid":{"rendered":"https:\/\/www.provaznik.info\/fotoprovaz\/?page_id=413"},"modified":"2022-05-12T09:01:16","modified_gmt":"2022-05-12T08:01:16","slug":"f5-fotoskupina-peti","status":"publish","type":"page","link":"https:\/\/www.provaznik.info\/fotoprovaz\/foto-odkazy\/fotoskupiny\/f5-fotoskupina-peti\/","title":{"rendered":"F5 &#8211; Fotoskupina p\u011bti"},"content":{"rendered":"\n<h2 class=\"wp-block-heading\">Fotografov\u00e9 p\u016fsob\u00edc\u00ed ve t\u00e9to fotoskupin\u011b<\/h2>\n\n\n\n<h2 class=\"wp-block-heading\">Publikace, katalogy, knihy a dal\u0161\u00ed tiskoviny<\/h2>\n\n\n\n<p><strong>f5 &#8211; Fotoskupina p\u011bti v kontextu \u010desk\u00e9 fotografie mezi l\u00e9ty 1918 a\u017e 1948<\/strong><br>Magistersk\u00e1 diplomov\u00e1 pr\u00e1ce.  Autor: Bc. Anton\u00edn Zezula (<a rel=\"noreferrer noopener\" href=\"https:\/\/is.muni.cz\/th\/e4llp\/Fotoskupina_peti_v_kontextu_ceske_fotografie_mezi_lety_1918_az_1948.pdf\" target=\"_blank\">https:\/\/is.muni.cz\/th\/e4llp\/Fotoskupina_peti_v_kontextu_ceske_fotografie_mezi_lety_1918_az_1948.pdf<\/a>)<\/p>\n\n\n\n<p><\/p>\n\n\n\n<h2 class=\"wp-block-heading\">Pou\u017eit\u00e9 zdroje <\/h2>\n\n\n\n<p>[1] <strong>f5 &#8211; Fotoskupina p\u011bti v kontextu \u010desk\u00e9 fotografie mezi l\u00e9ty 1918 a\u017e 1948<\/strong>; Magistersk\u00e1 diplomov\u00e1 pr\u00e1ce.  Autor: Bc. Anton\u00edn Zezula<\/p>\n\n\n\n<h2 class=\"wp-block-heading\">Odkazy<\/h2>\n","protected":false},"excerpt":{"rendered":"<p>Fotografov\u00e9 p\u016fsob\u00edc\u00ed ve t\u00e9to fotoskupin\u011b Publikace, katalogy, knihy a dal\u0161\u00ed tiskoviny f5 &#8211; Fotoskupina p\u011bti v kontextu \u010desk\u00e9 fotografie mezi l\u00e9ty 1918 a\u017e 1948Magistersk\u00e1 diplomov\u00e1 pr\u00e1ce. Autor: Bc. Anton\u00edn Zezula <\/p>\n","protected":false},"author":1,"featured_media":0,"parent":610,"menu_order":0,"comment_status":"closed","ping_status":"closed","template":"","meta":{"ngg_post_thumbnail":0,"footnotes":""},"class_list":["post-413","page","type-page","status-publish","hentry"],"_links":{"self":[{"href":"https:\/\/www.provaznik.info\/fotoprovaz\/wp-json\/wp\/v2\/pages\/413","targetHints":{"allow":["GET"]}}],"collection":[{"href":"https:\/\/www.provaznik.info\/fotoprovaz\/wp-json\/wp\/v2\/pages"}],"about":[{"href":"https:\/\/www.provaznik.info\/fotoprovaz\/wp-json\/wp\/v2\/types\/page"}],"author":[{"embeddable":true,"href":"https:\/\/www.provaznik.info\/fotoprovaz\/wp-json\/wp\/v2\/users\/1"}],"replies":[{"embeddable":true,"href":"https:\/\/www.provaznik.info\/fotoprovaz\/wp-json\/wp\/v2\/comments?post=413"}],"version-history":[{"count":1,"href":"https:\/\/www.provaznik.info\/fotoprovaz\/wp-json\/wp\/v2\/pages\/413\/revisions"}],"predecessor-version":[{"id":414,"href":"https:\/\/www.provaznik.info\/fotoprovaz\/wp-json\/wp\/v2\/pages\/413\/revisions\/414"}],"up":[{"embeddable":true,"href":"https:\/\/www.provaznik.info\/fotoprovaz\/wp-json\/wp\/v2\/pages\/610"}],"wp:attachment":[{"href":"https:\/\/www.provaznik.info\/fotoprovaz\/wp-json\/wp\/v2\/media?parent=413"}],"curies":[{"name":"wp","href":"https:\/\/api.w.org\/{rel}","templated":true}]}}