{"id":2846,"date":"2025-08-21T12:43:46","date_gmt":"2025-08-21T11:43:46","guid":{"rendered":"https:\/\/www.provaznik.info\/fotoprovaz\/?page_id=2846"},"modified":"2025-08-21T12:44:24","modified_gmt":"2025-08-21T11:44:24","slug":"fotoklub-nekras-jablonec-nad-nisou","status":"publish","type":"page","link":"https:\/\/www.provaznik.info\/fotoprovaz\/foto-odkazy\/fotokluby\/fotoklub-nekras-jablonec-nad-nisou\/","title":{"rendered":"Fotoklub NEKRAS Jablonec nad Nisou"},"content":{"rendered":"\n<h2 class=\"wp-block-heading\">Historie fotoklubu<\/h2>\n\n\n\n<p>Fotoklub Nekras byl zalo\u017een v roce 1996 dv\u011bma nad\u0161enci &#8211; Ji\u0159\u00edm Bi\u010di\u0161t\u011bm a Karlem Raku\u0161anem. Pokusili se tak nav\u00e1zat na tradice Okresn\u00edho fotoklubu svazu \u010desk\u00fdch fotograf\u016f, kter\u00fd se rozpadl po roce 1989.<\/p>\n\n\n\n<h2 class=\"wp-block-heading\">Odkazy a www str\u00e1nky<\/h2>\n\n\n\n<p>Internetov\u00e9 str\u00e1nky fotoklubu jsou aktu\u00e1ln\u011b nedostupn\u00e9. <\/p>\n\n\n\n<h2 class=\"wp-block-heading\">Dal\u0161\u00ed zdroje informac\u00ed o fotoklubu<\/h2>\n\n\n\n<p>[01] <a href=\"https:\/\/www.mestojablonec.cz\/cs\/mesto\/jablonecky-mesicnik\/07-08-2008\/fotoklub-nekras.html\">https:\/\/www.mestojablonec.cz\/cs\/mesto\/jablonecky-mesicnik\/07-08-2008\/fotoklub-nekras.html<\/a> <\/p>\n\n\n\n<div class=\"wp-block-group has-small-font-size is-horizontal is-content-justification-right is-nowrap is-layout-flex wp-container-core-group-is-layout-1c040b41 wp-block-group-is-layout-flex\" style=\"font-style:italic;font-weight:200\">\n<p class=\"has-text-align-right has-small-font-size\"><em>Aktualizace <\/em><\/p>\n\n\n<div class=\"wp-block-post-date__modified-date wp-block-post-date\"><time datetime=\"2025-08-21T12:44:24+01:00\">21\/08\/2025<\/time><\/div><\/div>\n\n\n\n<p><\/p>\n","protected":false},"excerpt":{"rendered":"<p>Historie fotoklubu Fotoklub Nekras byl zalo\u017een v roce 1996 dv\u011bma nad\u0161enci &#8211; Ji\u0159\u00edm Bi\u010di\u0161t\u011bm a Karlem Raku\u0161anem. Pokusili se tak nav\u00e1zat na tradice Okresn\u00edho fotoklubu svazu \u010desk\u00fdch fotograf\u016f, kter\u00fd se <\/p>\n","protected":false},"author":1,"featured_media":0,"parent":409,"menu_order":0,"comment_status":"closed","ping_status":"closed","template":"","meta":{"ngg_post_thumbnail":0,"footnotes":""},"class_list":["post-2846","page","type-page","status-publish","hentry"],"_links":{"self":[{"href":"https:\/\/www.provaznik.info\/fotoprovaz\/wp-json\/wp\/v2\/pages\/2846","targetHints":{"allow":["GET"]}}],"collection":[{"href":"https:\/\/www.provaznik.info\/fotoprovaz\/wp-json\/wp\/v2\/pages"}],"about":[{"href":"https:\/\/www.provaznik.info\/fotoprovaz\/wp-json\/wp\/v2\/types\/page"}],"author":[{"embeddable":true,"href":"https:\/\/www.provaznik.info\/fotoprovaz\/wp-json\/wp\/v2\/users\/1"}],"replies":[{"embeddable":true,"href":"https:\/\/www.provaznik.info\/fotoprovaz\/wp-json\/wp\/v2\/comments?post=2846"}],"version-history":[{"count":1,"href":"https:\/\/www.provaznik.info\/fotoprovaz\/wp-json\/wp\/v2\/pages\/2846\/revisions"}],"predecessor-version":[{"id":2847,"href":"https:\/\/www.provaznik.info\/fotoprovaz\/wp-json\/wp\/v2\/pages\/2846\/revisions\/2847"}],"up":[{"embeddable":true,"href":"https:\/\/www.provaznik.info\/fotoprovaz\/wp-json\/wp\/v2\/pages\/409"}],"wp:attachment":[{"href":"https:\/\/www.provaznik.info\/fotoprovaz\/wp-json\/wp\/v2\/media?parent=2846"}],"curies":[{"name":"wp","href":"https:\/\/api.w.org\/{rel}","templated":true}]}}