{"id":2828,"date":"2025-08-20T16:43:50","date_gmt":"2025-08-20T15:43:50","guid":{"rendered":"https:\/\/www.provaznik.info\/fotoprovaz\/?page_id=2828"},"modified":"2025-08-20T16:56:20","modified_gmt":"2025-08-20T15:56:20","slug":"fotoklub-ostrava","status":"publish","type":"page","link":"https:\/\/www.provaznik.info\/fotoprovaz\/foto-odkazy\/fotokluby\/fotoklub-ostrava\/","title":{"rendered":"Fotoklub Ostrava"},"content":{"rendered":"\n<h2 class=\"wp-block-heading\">Historie fotoklubu<\/h2>\n\n\n\n<p>Historie Fotoklubu Ostrava sah\u00e1 do roku 1983, kdy se v Dom\u011b kultury OKD v Ostrav\u011b-Porub\u011b poprv\u00e9 setk\u00e1vaj\u00ed z\u00e1jemci o roz\u0161\u00ed\u0159en\u00ed sv\u00fdch znalost\u00ed v oblasti fotografov\u00e1n\u00ed. P\u0159i Dom\u011b kultury OKD byla otev\u0159ena dvoulet\u00e1 \u0160kola v\u00fdtvarn\u00e9 fotografie. Po absolvov\u00e1n\u00ed dvoulet\u00e9ho kurzu v\u00fdtvarn\u00e9 fotografie (v roce 1985) jeho \u00fa\u010dastn\u00edci spolu s lektorem Franti\u0161kem \u0158ezn\u00ed\u010dkem zalo\u017eili samostatn\u00fd fotoklub. Ten od po\u010d\u00e1tku sdru\u017eoval milovn\u00edky fotografie z Ostravy a okol\u00ed a stal se v\u00fdznamnou platformou pro amat\u00e9rskou i um\u011bleckou fotografii v regionu. <\/p>\n\n\n\n<p>V devades\u00e1t\u00fdch letech do\u0161lo k ukon\u010den\u00ed spolupr\u00e1ce s Domem kultury OKD a klub p\u0159ijal n\u00e1zev Fotoklub Ostrava. <\/p>\n\n\n\n<p>Klub pravideln\u011b po\u0159\u00e1d\u00e1 v\u00fdstavy, \u00fa\u010dastn\u00ed se mapov\u00fdch okruh\u016f a pod\u00edl\u00ed se na kulturn\u00edm d\u011bn\u00ed v Ostrav\u011b. <\/p>\n\n\n\n<p>V roce 2025 oslavil ji\u017e 40 let sv\u00e9 \u010dinnosti velkou v\u00fdro\u010dn\u00ed v\u00fdstavou a vyd\u00e1n\u00edm knihy.<\/p>\n\n\n\n<h2 class=\"wp-block-heading\">Odkazy a www str\u00e1nky<\/h2>\n\n\n\n<p>Webov\u00e9 str\u00e1nky fotoklubu: <a href=\"https:\/\/www.fotoklubostrava.cz\/\" target=\"_blank\" rel=\"noreferrer noopener nofollow\">www.fotoklubostrava.cz<\/a><\/p>\n\n\n\n<h2 class=\"wp-block-heading\">Dal\u0161\u00ed zdroje informac\u00ed o fotoklubu<\/h2>\n\n\n\n<p>[01] <a href=\"https:\/\/ostrava.rozhlas.cz\/fotoklub-ostrava-si-pripomene-40-let-existence-velkou-vystavou-i-reprezentativni-9453157\" target=\"_blank\" rel=\"noreferrer noopener nofollow\">https:\/\/ostrava.rozhlas.cz\/fotoklub-ostrava-si-pripomene-40-let-existence-velkou-vystavou-i-reprezentativni-9453157<\/a><br>[02] <a href=\"https:\/\/www.ifotovideo.cz\/rubriky\/co-se-deje\/fotoklub-ostrava-slavi-40-let-a-vydava-knihu_16709.html\" target=\"_blank\" rel=\"noreferrer noopener nofollow\">https:\/\/www.ifotovideo.cz\/rubriky\/co-se-deje\/fotoklub-ostrava-slavi-40-let-a-vydava-knihu_16709.html<\/a> <br>[03] <a href=\"https:\/\/moap.ostrava.cz\/cs\/o-moapu\/aktualne\/vustava-40-fotoklub-ostrava-ve-dvorane-nasi-radnice\" target=\"_blank\" rel=\"noreferrer noopener nofollow\">https:\/\/moap.ostrava.cz\/cs\/o-moapu\/aktualne\/vustava-40-fotoklub-ostrava-ve-dvorane-nasi-radnice<\/a> <br>[04] <a href=\"https:\/\/ostrava.rozhlas.cz\/ostravsky-fotoklub-slavi-35-vyroci-vystavou-ve-slezskoostravske-galerii-8161285\" target=\"_blank\" rel=\"noreferrer noopener nofollow\">https:\/\/ostrava.rozhlas.cz\/ostravsky-fotoklub-slavi-35-vyroci-vystavou-ve-slezskoostravske-galerii-8161285<\/a><\/p>\n\n\n\n<div class=\"wp-block-group has-small-font-size is-horizontal is-content-justification-right is-nowrap is-layout-flex wp-container-core-group-is-layout-1c040b41 wp-block-group-is-layout-flex\" style=\"font-style:italic;font-weight:200\">\n<p class=\"has-text-align-right has-small-font-size\"><em>Aktualizace <\/em><\/p>\n\n\n<div class=\"wp-block-post-date__modified-date wp-block-post-date\"><time datetime=\"2025-08-20T16:56:20+01:00\">20\/08\/2025<\/time><\/div><\/div>\n\n\n\n<p><\/p>\n","protected":false},"excerpt":{"rendered":"<p>Historie fotoklubu Historie Fotoklubu Ostrava sah\u00e1 do roku 1983, kdy se v Dom\u011b kultury OKD v Ostrav\u011b-Porub\u011b poprv\u00e9 setk\u00e1vaj\u00ed z\u00e1jemci o roz\u0161\u00ed\u0159en\u00ed sv\u00fdch znalost\u00ed v oblasti fotografov\u00e1n\u00ed. P\u0159i Dom\u011b kultury <\/p>\n","protected":false},"author":1,"featured_media":0,"parent":409,"menu_order":0,"comment_status":"closed","ping_status":"closed","template":"","meta":{"ngg_post_thumbnail":0,"footnotes":""},"class_list":["post-2828","page","type-page","status-publish","hentry"],"_links":{"self":[{"href":"https:\/\/www.provaznik.info\/fotoprovaz\/wp-json\/wp\/v2\/pages\/2828","targetHints":{"allow":["GET"]}}],"collection":[{"href":"https:\/\/www.provaznik.info\/fotoprovaz\/wp-json\/wp\/v2\/pages"}],"about":[{"href":"https:\/\/www.provaznik.info\/fotoprovaz\/wp-json\/wp\/v2\/types\/page"}],"author":[{"embeddable":true,"href":"https:\/\/www.provaznik.info\/fotoprovaz\/wp-json\/wp\/v2\/users\/1"}],"replies":[{"embeddable":true,"href":"https:\/\/www.provaznik.info\/fotoprovaz\/wp-json\/wp\/v2\/comments?post=2828"}],"version-history":[{"count":2,"href":"https:\/\/www.provaznik.info\/fotoprovaz\/wp-json\/wp\/v2\/pages\/2828\/revisions"}],"predecessor-version":[{"id":2833,"href":"https:\/\/www.provaznik.info\/fotoprovaz\/wp-json\/wp\/v2\/pages\/2828\/revisions\/2833"}],"up":[{"embeddable":true,"href":"https:\/\/www.provaznik.info\/fotoprovaz\/wp-json\/wp\/v2\/pages\/409"}],"wp:attachment":[{"href":"https:\/\/www.provaznik.info\/fotoprovaz\/wp-json\/wp\/v2\/media?parent=2828"}],"curies":[{"name":"wp","href":"https:\/\/api.w.org\/{rel}","templated":true}]}}