{"id":2082,"date":"2024-11-05T10:31:10","date_gmt":"2024-11-05T09:31:10","guid":{"rendered":"https:\/\/www.provaznik.info\/fotoprovaz\/?page_id=2082"},"modified":"2024-11-05T10:31:10","modified_gmt":"2024-11-05T09:31:10","slug":"fotoklub-steel-trinec","status":"publish","type":"page","link":"https:\/\/www.provaznik.info\/fotoprovaz\/foto-odkazy\/fotokluby\/fotoklub-steel-trinec\/","title":{"rendered":"Fotoklub STEEL T\u0158INEC"},"content":{"rendered":"\n<h2 class=\"wp-block-heading\">Historie fotoklubu<\/h2>\n\n\n\n<p>T\u0159ineck\u00fd fotoklub STEEL byl zalo\u017een v roce 2004 jako ob\u010dansk\u00e9 sdru\u017een\u00ed s c\u00edlem podporovat rozvoj fotografick\u00fdch znalost\u00ed a dovednost\u00ed sv\u00fdch \u010dlen\u016f. Klub se zam\u011b\u0159uje na popularizaci fotografick\u00e9ho um\u011bn\u00ed a sdru\u017euje d\u011bti, ml\u00e1de\u017e i dosp\u011bl\u00e9 za \u00fa\u010delem osv\u011btov\u00e9 a kulturn\u011b-vzd\u011bl\u00e1vac\u00ed \u010dinnosti.\u00a0\u010clenov\u00e9 klubu se pravideln\u011b \u00fa\u010dastn\u00ed fotografick\u00fdch sout\u011b\u017e\u00ed, v\u00fdstav, p\u0159ehl\u00eddek a besed, kde sd\u00edlej\u00ed sv\u00e9 zku\u0161enosti a inspiraci<a href=\"http:\/\/www.fotoobzor.com\/p\/o-nas.html\" target=\"_blank\" rel=\"noreferrer noopener\"><sup>1<\/sup><\/a>.<\/p>\n\n\n\n<p>Fotoklub STEEL se tak\u00e9 pod\u00edl\u00ed na r\u016fzn\u00fdch projektech a spolupracuje s obdobn\u00fdmi organizacemi v \u010cesku i zahrani\u010d\u00ed. Mezi v\u00fdznamn\u00e9 aktivity pat\u0159\u00ed nap\u0159\u00edklad projekty Slezsk\u00e9 diakonie a kulturn\u00ed akce po\u0159\u00e1dan\u00e9 ve spolupr\u00e1ci s m\u011bstem T\u0159inec.\u00a0Klub poskytuje prostor pro volno\u010dasov\u00e9 aktivity, zejm\u00e9na pro d\u011bti a ml\u00e1de\u017e, a vytv\u00e1\u0159\u00ed podm\u00ednky pro rozvoj jejich talentu v oblasti fotografie<\/p>\n\n\n\n<h2 class=\"wp-block-heading\">Odkazy a www str\u00e1nky<\/h2>\n\n\n\n<p>Webov\u00e9 str\u00e1nky fotoklubu: <a href=\"http:\/\/www.fotoobzor.com\/\" target=\"_blank\" rel=\"noreferrer noopener\">http:\/\/www.fotoobzor.com\/<\/a><\/p>\n\n\n\n<div class=\"wp-block-group has-small-font-size is-horizontal is-content-justification-right is-nowrap is-layout-flex wp-container-core-group-is-layout-1c040b41 wp-block-group-is-layout-flex\" style=\"font-style:italic;font-weight:200\">\n<p class=\"has-text-align-right has-small-font-size\"><em>Aktualizace <\/em><\/p>\n\n\n<\/div>\n\n\n\n<p><\/p>\n","protected":false},"excerpt":{"rendered":"<p>Historie fotoklubu T\u0159ineck\u00fd fotoklub STEEL byl zalo\u017een v roce 2004 jako ob\u010dansk\u00e9 sdru\u017een\u00ed s c\u00edlem podporovat rozvoj fotografick\u00fdch znalost\u00ed a dovednost\u00ed sv\u00fdch \u010dlen\u016f. Klub se zam\u011b\u0159uje na popularizaci fotografick\u00e9ho um\u011bn\u00ed <\/p>\n","protected":false},"author":1,"featured_media":0,"parent":409,"menu_order":0,"comment_status":"closed","ping_status":"closed","template":"","meta":{"ngg_post_thumbnail":0,"footnotes":""},"class_list":["post-2082","page","type-page","status-publish","hentry"],"_links":{"self":[{"href":"https:\/\/www.provaznik.info\/fotoprovaz\/wp-json\/wp\/v2\/pages\/2082","targetHints":{"allow":["GET"]}}],"collection":[{"href":"https:\/\/www.provaznik.info\/fotoprovaz\/wp-json\/wp\/v2\/pages"}],"about":[{"href":"https:\/\/www.provaznik.info\/fotoprovaz\/wp-json\/wp\/v2\/types\/page"}],"author":[{"embeddable":true,"href":"https:\/\/www.provaznik.info\/fotoprovaz\/wp-json\/wp\/v2\/users\/1"}],"replies":[{"embeddable":true,"href":"https:\/\/www.provaznik.info\/fotoprovaz\/wp-json\/wp\/v2\/comments?post=2082"}],"version-history":[{"count":1,"href":"https:\/\/www.provaznik.info\/fotoprovaz\/wp-json\/wp\/v2\/pages\/2082\/revisions"}],"predecessor-version":[{"id":2083,"href":"https:\/\/www.provaznik.info\/fotoprovaz\/wp-json\/wp\/v2\/pages\/2082\/revisions\/2083"}],"up":[{"embeddable":true,"href":"https:\/\/www.provaznik.info\/fotoprovaz\/wp-json\/wp\/v2\/pages\/409"}],"wp:attachment":[{"href":"https:\/\/www.provaznik.info\/fotoprovaz\/wp-json\/wp\/v2\/media?parent=2082"}],"curies":[{"name":"wp","href":"https:\/\/api.w.org\/{rel}","templated":true}]}}