{"id":2044,"date":"2024-11-04T23:02:45","date_gmt":"2024-11-04T22:02:45","guid":{"rendered":"https:\/\/www.provaznik.info\/fotoprovaz\/?page_id=2044"},"modified":"2024-11-04T23:02:45","modified_gmt":"2024-11-04T22:02:45","slug":"svaz-ceskych-fotografu","status":"publish","type":"page","link":"https:\/\/www.provaznik.info\/fotoprovaz\/svaz-ceskych-fotografu\/","title":{"rendered":"Svaz \u010desk\u00fdch fotograf\u016f"},"content":{"rendered":"\n<p>Svaz \u010desk\u00fdch fotograf\u016f (S\u010cF) je spolek fotograf\u016f a p\u0159\u00edznivc\u016f fotografie, kter\u00fd nav\u00e1zal na tradici Svazu \u010deskoslovensk\u00fdch klub\u016f fotograf\u016f amat\u00e9r\u016f, zalo\u017een\u00e9ho p\u0159ed sto lety, posl\u00e9ze na \u010dinnost Svazu \u010deskoslovensk\u00fdch fotograf\u016f, od jeho\u017e zalo\u017een\u00ed uplyne letos (2024) pades\u00e1t let. Ve spolkov\u00e9m rejst\u0159\u00edku je veden od 8.7.2016.<\/p>\n\n\n\n<p>S\u010cF je nejv\u011bt\u0161\u00ed fotografickou organizaci u n\u00e1s zast\u0159e\u0161uj\u00edc\u00ed p\u0159edev\u0161\u00edm amat\u00e9rsk\u00e9, ale i profesion\u00e1ln\u00ed fotografy. Sou\u010dasn\u00e1 \u010dlensk\u00e1 z\u00e1kladna S\u010cF zahrnuje \u0161irok\u00e9 spektrum fotograf\u016f a zasahuje do v\u0161ech v\u00fdznamn\u00fdch oblast\u00ed fotografick\u00e9 tvorby. Na rozd\u00edl od ostatn\u00edch \u010desk\u00fdch fotografick\u00fdch organizac\u00ed se nestar\u00e1 jen o \u00fazkou profesn\u011b vymezenou skupinu, ale je otev\u0159en nejr\u016fzn\u011bj\u0161\u00edm skupin\u00e1m spole\u010dnosti, kter\u00e9 spojuje l\u00e1ska k fotografii.<\/p>\n\n\n\n<p>C\u00edlem S\u010cF je sdru\u017eovat fotografy a p\u0159\u00edznivce fotografie za \u00fa\u010delem zvy\u0161ov\u00e1n\u00ed jejich odborn\u00e9 a v\u00fdtvarn\u00e9 \u00farovn\u011b, po\u0159\u00e1dat fotografick\u00e9 sout\u011b\u017ee a v\u00fdstavy, vyd\u00e1vat publikace, roz\u0161i\u0159ovat a propagovat svazovou sb\u00edrku fotografi\u00ed, podporovat rozv\u00edjen\u00ed styk\u016f mezi fotografy doma i v zahrani\u010d\u00ed, organizovat sdru\u017eov\u00e1n\u00ed fotograf\u016f do fotoklub\u016f, poskytovat jim pot\u0159ebn\u00e9 informace z oboru, oce\u0148ovat jejich \u010dinnost a spolupracovat s obdobn\u00fdmi institucemi p\u0159i rozvoji fotografie.<\/p>\n\n\n\n<p>\u010clenem se stanete, pokud vypln\u00edte p\u0159ihl\u00e1\u0161ku ke \u010dlenstv\u00ed ve S\u010cF, poskytnete fotografii na \u010dlenskou legitimaci a zaplat\u00edte \u010dlensk\u00fd p\u0159\u00edsp\u011bvek na kalend\u00e1\u0159n\u00ed rok. Po rozhodnut\u00ed p\u0159edstavenstva obdr\u017e\u00edte (nej\u010dast\u011bji po\u0161tou) pr\u016fkazku platnou na kalend\u00e1\u0159n\u00ed rok. Pokud se stanete \u010dleny S\u010cF, m\u016f\u017eete vystavovat spolu s ostatn\u00edmi na \u010dlensk\u00fdch v\u00fdstav\u00e1ch, publikovat v ro\u010dence S\u010cF, z\u00fa\u010dastnit se sout\u011b\u017e\u00ed, workshop\u016f a besed, kter\u00e9<br>pro V\u00e1s po\u0159\u00e1d\u00e1me, pod\u00edlet se aktivn\u011b na svazov\u00e9m d\u011bn\u00ed, publikovat na webov\u00fdch str\u00e1nk\u00e1ch S\u010cF. \u010clenov\u00e9 S\u010cF jsou pravideln\u011b informov\u00e1ni o jeho akc\u00edch emailov\u00fdm zpravodajem. Na svou legitimaci m\u016f\u017eete z\u00edskat slevu v Centru Foto \u0160koda, ve fotolaborato\u0159i Ultralab a syn i na n\u011bkter\u00fdch v\u00fdstav\u00e1ch \u010di dal\u0161\u00edch akc\u00edch.<\/p>\n\n\n<div class=\"wp-block-image\">\n<figure class=\"aligncenter size-full\"><img loading=\"lazy\" decoding=\"async\" width=\"100\" height=\"100\" src=\"https:\/\/www.provaznik.info\/fotoprovaz\/wp-content\/uploads\/2024\/11\/logoSCF-male.png\" alt=\"\" class=\"wp-image-2045\"\/><\/figure>\n<\/div>\n\n\n<p>V\u00edce informac\u00ed na <a href=\"https:\/\/scf.cz\/\">Svaz \u010desk\u00fdch fotograf\u016f \u2013 \u010cesk\u00e1 republika<\/a><\/p>\n\n\n\n<p><\/p>\n","protected":false},"excerpt":{"rendered":"<p>Svaz \u010desk\u00fdch fotograf\u016f (S\u010cF) je spolek fotograf\u016f a p\u0159\u00edznivc\u016f fotografie, kter\u00fd nav\u00e1zal na tradici Svazu \u010deskoslovensk\u00fdch klub\u016f fotograf\u016f amat\u00e9r\u016f, zalo\u017een\u00e9ho p\u0159ed sto lety, posl\u00e9ze na \u010dinnost Svazu \u010deskoslovensk\u00fdch fotograf\u016f, od <\/p>\n","protected":false},"author":1,"featured_media":0,"parent":0,"menu_order":0,"comment_status":"closed","ping_status":"closed","template":"","meta":{"ngg_post_thumbnail":0,"footnotes":""},"class_list":["post-2044","page","type-page","status-publish","hentry"],"_links":{"self":[{"href":"https:\/\/www.provaznik.info\/fotoprovaz\/wp-json\/wp\/v2\/pages\/2044","targetHints":{"allow":["GET"]}}],"collection":[{"href":"https:\/\/www.provaznik.info\/fotoprovaz\/wp-json\/wp\/v2\/pages"}],"about":[{"href":"https:\/\/www.provaznik.info\/fotoprovaz\/wp-json\/wp\/v2\/types\/page"}],"author":[{"embeddable":true,"href":"https:\/\/www.provaznik.info\/fotoprovaz\/wp-json\/wp\/v2\/users\/1"}],"replies":[{"embeddable":true,"href":"https:\/\/www.provaznik.info\/fotoprovaz\/wp-json\/wp\/v2\/comments?post=2044"}],"version-history":[{"count":1,"href":"https:\/\/www.provaznik.info\/fotoprovaz\/wp-json\/wp\/v2\/pages\/2044\/revisions"}],"predecessor-version":[{"id":2046,"href":"https:\/\/www.provaznik.info\/fotoprovaz\/wp-json\/wp\/v2\/pages\/2044\/revisions\/2046"}],"wp:attachment":[{"href":"https:\/\/www.provaznik.info\/fotoprovaz\/wp-json\/wp\/v2\/media?parent=2044"}],"curies":[{"name":"wp","href":"https:\/\/api.w.org\/{rel}","templated":true}]}}