{"id":1833,"date":"2024-10-21T10:37:14","date_gmt":"2024-10-21T09:37:14","guid":{"rendered":"https:\/\/www.provaznik.info\/fotoprovaz\/?page_id=1833"},"modified":"2024-10-21T17:10:59","modified_gmt":"2024-10-21T16:10:59","slug":"fotograficky-mapovy-okruh-vysocina","status":"publish","type":"page","link":"https:\/\/www.provaznik.info\/fotoprovaz\/foto-odkazy\/foto-mapove-okruhy\/fotograficky-mapovy-okruh-vysocina\/","title":{"rendered":"Fotografick\u00fd mapov\u00fd okruh &#8211; Vyso\u010dina"},"content":{"rendered":"\n<h2 class=\"wp-block-heading\">Popis mapov\u00e9ho okruhu Vyso\u010dina<\/h2>\n\n\n\n<p>Mapov\u00fd okruh Vyso\u010dina je jeden z nejstar\u0161\u00edch mapov\u00fdch okruhu u n\u00e1s a z\u00e1rove\u0148 tak\u00e9 pat\u0159\u00ed k t\u011bm nejv\u011bt\u0161\u00edm. Posledn\u00edho 66. ro\u010dn\u00edku se z\u00fa\u010dastnilo celkem 17 fotoklub\u016f.<\/p>\n\n\n\n<h2 class=\"wp-block-heading\">Historie<\/h2>\n\n\n\n<p>Byl zalo\u017een v roce 1957. Ve stejn\u00e9m roce vznik\u00e1 i Mapov\u00fd okruh Jizersk\u00fdch hor kter\u00fd v\u0161ak ji\u017e dnes neexistuje.  P\u0159esto, \u017ee je pova\u017eov\u00e1n za nejstar\u0161\u00ed \u010desk\u00fd mapov\u00fd okruh, je nutn\u00e9 zm\u00ednit \u017ee je\u0161t\u011b rok p\u0159edt\u00edm byl zalo\u017een Sudk\u016fv mapov\u00fd okruh. Ten ale ji\u017e tak\u00e9 nen\u00ed funk\u010dn\u00ed. <\/p>\n\n\n\n<p class=\"has-text-align-right\"><em>Sestaveno podle slov Ing. Josefa Podvalsk\u00e9ho.<\/em><\/p>\n\n\n\n<h2 class=\"wp-block-heading\">Zdroje dat, odkazy a reference<\/h2>\n\n\n\n<p>[1] <a href=\"http:\/\/www.ifotovideo.cz\/rubriky\/co-se-deje\/58-rocnik-mapoveho-okruhu-vysocina_10627.html\">http:\/\/www.ifotovideo.cz\/rubriky\/co-se-deje\/58-rocnik-mapoveho-okruhu-vysocina_10627.html<\/a><br>[2] <a href=\"http:\/\/www.ifotovideo.cz\/rubriky\/souteze\/66-rocnik-mapoveho-okruhu-vysocina_16265.html\">http:\/\/www.ifotovideo.cz\/rubriky\/souteze\/66-rocnik-mapoveho-okruhu-vysocina_16265.html<\/a><\/p>\n\n\n\n<p><strong>Intern\u00ed odkazy:<\/strong><\/p>\n\n\n\n<p>&#8211; <a href=\"https:\/\/www.provaznik.info\/fotoprovaz\/blog\/2024\/10\/20\/66-rocnik-mapoveho-okruhu-vysocina\/\" data-type=\"post\" data-id=\"1830\">66. ro\u010dn\u00edk Mapov\u00e9ho okruhu Vyso\u010dina<\/a><\/p>\n\n\n\n<div class=\"wp-block-group has-small-font-size is-horizontal is-content-justification-right is-nowrap is-layout-flex wp-container-core-group-is-layout-1c040b41 wp-block-group-is-layout-flex\" style=\"font-style:italic;font-weight:200\">\n<p class=\"has-text-align-right has-small-font-size\"><em>Aktualizace <\/em><\/p>\n\n\n<div class=\"wp-block-post-date__modified-date wp-block-post-date\"><time datetime=\"2024-10-21T17:10:59+01:00\">21\/10\/2024<\/time><\/div><\/div>\n","protected":false},"excerpt":{"rendered":"<p>Popis mapov\u00e9ho okruhu Vyso\u010dina Mapov\u00fd okruh Vyso\u010dina je jeden z nejstar\u0161\u00edch mapov\u00fdch okruhu u n\u00e1s a z\u00e1rove\u0148 tak\u00e9 pat\u0159\u00ed k t\u011bm nejv\u011bt\u0161\u00edm. Posledn\u00edho 66. ro\u010dn\u00edku se z\u00fa\u010dastnilo celkem 17 fotoklub\u016f. <\/p>\n","protected":false},"author":1,"featured_media":0,"parent":1162,"menu_order":0,"comment_status":"closed","ping_status":"closed","template":"","meta":{"ngg_post_thumbnail":0,"footnotes":""},"class_list":["post-1833","page","type-page","status-publish","hentry"],"_links":{"self":[{"href":"https:\/\/www.provaznik.info\/fotoprovaz\/wp-json\/wp\/v2\/pages\/1833","targetHints":{"allow":["GET"]}}],"collection":[{"href":"https:\/\/www.provaznik.info\/fotoprovaz\/wp-json\/wp\/v2\/pages"}],"about":[{"href":"https:\/\/www.provaznik.info\/fotoprovaz\/wp-json\/wp\/v2\/types\/page"}],"author":[{"embeddable":true,"href":"https:\/\/www.provaznik.info\/fotoprovaz\/wp-json\/wp\/v2\/users\/1"}],"replies":[{"embeddable":true,"href":"https:\/\/www.provaznik.info\/fotoprovaz\/wp-json\/wp\/v2\/comments?post=1833"}],"version-history":[{"count":4,"href":"https:\/\/www.provaznik.info\/fotoprovaz\/wp-json\/wp\/v2\/pages\/1833\/revisions"}],"predecessor-version":[{"id":1843,"href":"https:\/\/www.provaznik.info\/fotoprovaz\/wp-json\/wp\/v2\/pages\/1833\/revisions\/1843"}],"up":[{"embeddable":true,"href":"https:\/\/www.provaznik.info\/fotoprovaz\/wp-json\/wp\/v2\/pages\/1162"}],"wp:attachment":[{"href":"https:\/\/www.provaznik.info\/fotoprovaz\/wp-json\/wp\/v2\/media?parent=1833"}],"curies":[{"name":"wp","href":"https:\/\/api.w.org\/{rel}","templated":true}]}}