{"id":1770,"date":"2024-09-29T17:52:50","date_gmt":"2024-09-29T16:52:50","guid":{"rendered":"https:\/\/www.provaznik.info\/fotoprovaz\/?page_id=1770"},"modified":"2024-09-29T17:57:35","modified_gmt":"2024-09-29T16:57:35","slug":"milos-vojir-1938","status":"publish","type":"page","link":"https:\/\/www.provaznik.info\/fotoprovaz\/foto-odkazy\/osobnosti-cz-sk\/milos-vojir-1938\/","title":{"rendered":"Milo\u0161 Voj\u00ed\u0159 (*1938)"},"content":{"rendered":"\n<p>Milo\u0161 Voj\u00ed\u0159 (*1938) je \u010desk\u00fd fotograf, zam\u011b\u0159uj\u00edc\u00ed se na tvorbu v\u00fdtvarn\u00e9ho aktu. \u017densk\u00e9 t\u011blo zobrazuje jak realisticky, tak i abstraktn\u00edm zp\u016fsobem. Z ostatn\u00edch fotografick\u00fdch obor\u016f pak p\u0159eva\u017euje v jeho tvorb\u011b portr\u00e9t, krajina a ji\u017e zm\u00edn\u011bn\u00e1 abstrakce.  Milo\u0161 Voj\u00ed\u0159 je tak\u00e9 autorem katalog\u016f, prospekt\u016f, plak\u00e1t\u016f, kalend\u00e1\u0159\u016f a spoluautorem a vydavatelem publikace T\u0159ebechovick\u00fd Probo\u0161t\u016fv betl\u00e9m. V pr\u016fb\u011bhu let vytvo\u0159il n\u011bkolik des\u00edtek velkoplo\u0161n\u00fdch v\u00fdtvarn\u00fdch v\u00fdzdob r\u016fzn\u00fdch interi\u00e9r\u016f. \u017dije a pracuje v Hradci Kr\u00e1lov\u00e9.<\/p>\n\n\n\n<div class=\"wp-block-columns is-layout-flex wp-container-core-columns-is-layout-9d6595d7 wp-block-columns-is-layout-flex\">\n<div class=\"wp-block-column is-layout-flow wp-block-column-is-layout-flow\" style=\"flex-basis:25%\">\n<figure class=\"wp-block-image size-full\"><img loading=\"lazy\" decoding=\"async\" width=\"198\" height=\"263\" src=\"https:\/\/www.provaznik.info\/fotoprovaz\/wp-content\/uploads\/2024\/09\/image-5.png\" alt=\"\" class=\"wp-image-1775\"\/><\/figure>\n<\/div>\n\n\n\n<div class=\"wp-block-column is-layout-flow wp-block-column-is-layout-flow\" style=\"flex-basis:75%\">\n<p>Milo\u0161 Voj\u00ed\u0159 se narodil 1.1.1938 v Hradci Kr\u00e1lov\u00e9. Absolvoval Pr\u016fmyslovou \u0161kolu strojn\u00ed v Ji\u010d\u00edn\u011b a studium na Fakult\u011b strojn\u00ed po dvou letech p\u0159eru\u0161il, nedokon\u010dil a za\u010dal se pln\u011b v\u011bnovat fotografii. N\u011bkolik let pracoval jako fotograf a grafik v tisk\u00e1rn\u011b. Od roku 1980 je samostatn\u00fdm v\u00fdtvarn\u00edkem v oboru fotografie a u\u017eit\u00e9 grafiky. Uspo\u0159\u00e1dal v\u00edce jak 70 autorsk\u00fdch v\u00fdstav u n\u00e1s i v zahrani\u010d\u00ed (Polsko, N\u011bmecko, Rakousko), z\u00fa\u010dastnil v\u00edce jak 100 kolektivn\u00edch v\u00fdstav.  Ve voln\u00e9 tvorb\u011b se nep\u0159etr\u017eit\u011b od roku 1964 v\u011bnuje p\u0159ev\u00e1\u017en\u011b aktu. Pr\u00e1v\u011b v V sedmdes\u00e1t\u00fdch letech, kdy akt byl cenzurou t\u00e9m\u011b\u0159 zak\u00e1zan\u00fd, spolu s fotografy ze skupiny Setk\u00e1n\u00ed (Rostislav Ko\u0161\u0165\u00e1l, Taras Ku\u0161\u010dynskyj, Milan Borovi\u010dka, Michal T\u016fma a Miloslav Stibor), svou tvorbou ovlivnili pohled na nah\u00e9 \u017eensk\u00e9 t\u011blo.  <\/p>\n<\/div>\n<\/div>\n\n\n\n<p class=\"has-text-align-right\"><em>Pou\u017eity zdroje [<a href=\"https:\/\/cs.wikipedia.org\/wiki\/Milo\u0161_Voj\u00ed\u0159\">1<\/a>] [<a href=\"http:\/\/www.vojirfotoatelier.cz\/autor.html\" data-type=\"link\" data-id=\"http:\/\/www.vojirfotoatelier.cz\/autor.html\">2<\/a>]<\/em><\/p>\n\n\n\n<h2 class=\"wp-block-heading\">Monografick\u00e9 knihy a publikace (V\u00fdb\u011br)<\/h2>\n\n\n\n<div class=\"wp-block-columns is-layout-flex wp-container-core-columns-is-layout-9d6595d7 wp-block-columns-is-layout-flex\">\n<div class=\"wp-block-column is-layout-flow wp-block-column-is-layout-flow\" style=\"flex-basis:25%\">\n<figure class=\"wp-block-image size-large is-resized\"><img loading=\"lazy\" decoding=\"async\" width=\"415\" height=\"550\" src=\"https:\/\/www.provaznik.info\/fotoprovaz\/wp-content\/uploads\/2024\/09\/trebechovicky-probostuv-betlem-sbirky-trebechovickeho-muzea-betlemu-zita-zemanova-2004-220183-0.jpg-415x550.webp\" alt=\"Zemanov\u00e1, Zita; Vij\u00ed\u0159, Milo\u0161; Matu\u0161ka, Pavel.\u00a0T\u0159ebechovick\u00fd Probo\u0161t\u016fv betl\u00e9m. Hradec Kr\u00e1lov\u00e9: FotoGrafo, 2004. 164\u00a0s.\u00a0ISBN\u00a080-900865-0-0.\" class=\"wp-image-1772\" style=\"width:197px;height:auto\" srcset=\"https:\/\/www.provaznik.info\/fotoprovaz\/wp-content\/uploads\/2024\/09\/trebechovicky-probostuv-betlem-sbirky-trebechovickeho-muzea-betlemu-zita-zemanova-2004-220183-0.jpg-415x550.webp 415w, https:\/\/www.provaznik.info\/fotoprovaz\/wp-content\/uploads\/2024\/09\/trebechovicky-probostuv-betlem-sbirky-trebechovickeho-muzea-betlemu-zita-zemanova-2004-220183-0.jpg-227x300.webp 227w, https:\/\/www.provaznik.info\/fotoprovaz\/wp-content\/uploads\/2024\/09\/trebechovicky-probostuv-betlem-sbirky-trebechovickeho-muzea-betlemu-zita-zemanova-2004-220183-0.jpg.webp 604w\" sizes=\"auto, (max-width: 415px) 100vw, 415px\" \/><\/figure>\n<\/div>\n\n\n\n<div class=\"wp-block-column is-layout-flow wp-block-column-is-layout-flow\" style=\"flex-basis:75%\">\n<p>[3] Zemanov\u00e1, Zita; Vij\u00ed\u0159, Milo\u0161; Matu\u0161ka, Pavel.\u00a0<em>T\u0159ebechovick\u00fd Probo\u0161t\u016fv betl\u00e9m<\/em>. Hradec Kr\u00e1lov\u00e9: FotoGrafo, 2004. 164\u00a0s.\u00a0ISBN\u00a080-900865-0-0.<\/p>\n\n\n\n<p>Publikace vy\u0161la u p\u0159\u00edle\u017eitosti 155. v\u00fdro\u010d\u00ed narozen\u00ed tv\u016frce T\u0159ebechovick\u00e9ho betl\u00e9mu Josefa Probo\u0161ta. <\/p>\n<\/div>\n<\/div>\n\n\n\n<h2 class=\"wp-block-heading\">Reference internet<\/h2>\n\n\n\n<p>[1] <a href=\"http:\/\/www.vojirfotoatelier.cz\" target=\"_blank\" rel=\"noreferrer noopener nofollow\">http:\/\/www.vojirfotoatelier.cz<\/a><br>[2] <a href=\"https:\/\/cs.wikipedia.org\/wiki\/Milo\u0161_Voj\u00ed\u0159\">https:\/\/cs.wikipedia.org\/wiki\/Milo\u0161_Voj\u00ed\u0159<\/a><br>[4] <a href=\"https:\/\/www.wikidata.org\/wiki\/Q18913593\">https:\/\/www.wikidata.org\/wiki\/Q18913593<\/a><br>[5] <a href=\"https:\/\/www.novinky.cz\/clanek\/kultura-fotograf-milos-vojir-i-kdyz-s-akty-koncim-zeny-se-mi-budou-libit-stale-40423437\">https:\/\/www.novinky.cz\/clanek\/kultura-fotograf-milos-vojir-i-kdyz-s-akty-koncim-zeny-se-mi-budou-libit-stale-40423437<\/a><\/p>\n\n\n\n<h2 class=\"wp-block-heading\">Reference internet &#8211; Intern\u00ed<\/h2>\n\n\n\n<p><em>Odkazy na m\u00edstn\u00ed \u010dl\u00e1nky a texty. Reference prozat\u00edm neuvedeny.<\/em><\/p>\n\n\n\n<h2 class=\"wp-block-heading\">Reference knihy<\/h2>\n\n\n\n<p><em>Reference na knihy kter\u00e9 zmi\u0148uj\u00ed autora nebo jejich \u010d\u00e1st se v\u011bnuje d\u00edlu autora.  Reference prozat\u00edm neuvedeny.<\/em><\/p>\n\n\n\n<p>Seznam d\u011bl autora v datab\u00e1zi N\u00e1rodn\u00ed knihovny <a href=\"https:\/\/aleph.nkp.cz\/F\/?ccl_term=wau=jn19990209461+or+wkw=jn19990209461&amp;func=find-c&amp;local_base=skc\">aleph.nkp.cz<\/a><\/p>\n\n\n\n<h2 class=\"wp-block-heading\">Reference \u010dasopisy<\/h2>\n\n\n\n<p><em>Reference na dal\u0161\u00ed ti\u0161t\u011bn\u00fd materi\u00e1l kter\u00fd zmi\u0148uje autora nebo jeho d\u00edlo.  Reference prozat\u00edm neuvedeny.<\/em><\/p>\n\n\n\n<h2 class=\"wp-block-heading\">Reference filmy a video dokumenty<\/h2>\n\n\n\n<p><em>Reference na video materi\u00e1l a filmy kter\u00e9 se v\u011bnuj\u00ed autorovi nebo jeho d\u00edlu.  Reference prozat\u00edm neuvedeny.<\/em><\/p>\n\n\n\n<h2 class=\"wp-block-heading\">Samostatn\u00e9 v\u00fdstavy (v\u00fdb\u011br)<\/h2>\n\n\n\n<p><em>Informace o samostatn\u00fdch v\u00fdstav\u00e1ch autora.  Zam\u011b\u0159en\u00ed na v\u00fdstavy v \u010desk\u00e9 republiky s p\u0159esahem do bl\u00edzk\u00e9 Evropy. Reference prozat\u00edm neuvedeny.<\/em><\/p>\n\n\n\n<h2 class=\"wp-block-heading\">Skupinov\u00e9 v\u00fdstavy (v\u00fdb\u011br)<\/h2>\n\n\n\n<p><em>Informace o skupinov\u00fdch a hromadn\u00fdch v\u00fdstav\u00e1ch na kter\u00fdch autor zve\u0159ejnil sv\u00e1 d\u00edla. Zam\u011b\u0159en\u00ed na v\u00fdstavy v \u010desk\u00e9 republiky s p\u0159esahem do bl\u00edzk\u00e9 Evropy. Reference prozat\u00edm neuvedeny.<\/em><\/p>\n\n\n\n<h2 class=\"wp-block-heading\">Zastoupen\u00ed v galeri\u00edch a sb\u00edrk\u00e1ch (v\u00fdb\u011br)<\/h2>\n\n\n\n<p><em>Informace o st\u00e1l\u00fdch galerijn\u00edch a sb\u00edrkov\u00fdch fondech autora. Reference prozat\u00edm neuvedeny.<\/em><\/p>\n\n\n\n<h2 class=\"wp-block-heading\">Dal\u0161\u00ed zdroje<\/h2>\n\n\n\n<p><em>Seznam mo\u017en\u00fdch dal\u0161\u00edch zdroj\u016f pro p\u0159\u00edpadn\u00e9 odborn\u00e9 pr\u00e1ce.  Dal\u0161\u00ed zdroje aktu\u00e1ln\u011b neuvedeny. <\/em><\/p>\n\n\n\n<div style=\"height:100px\" aria-hidden=\"true\" class=\"wp-block-spacer\"><\/div>\n\n\n\n<hr class=\"wp-block-separator has-alpha-channel-opacity\"\/>\n\n\n\n<div class=\"wp-block-columns is-layout-flex wp-container-core-columns-is-layout-9d6595d7 wp-block-columns-is-layout-flex\">\n<div class=\"wp-block-column is-layout-flow wp-block-column-is-layout-flow\">\n<p class=\"has-text-align-right\">Naposledy aktualizov\u00e1no:<\/p>\n<\/div>\n\n\n\n<div class=\"wp-block-column is-layout-flow wp-block-column-is-layout-flow\"><div class=\"wp-block-post-date__modified-date wp-block-post-date\"><time datetime=\"2024-09-29T17:57:35+01:00\">29\/09\/2024<\/time><\/div><\/div>\n<\/div>\n","protected":false},"excerpt":{"rendered":"<p>Milo\u0161 Voj\u00ed\u0159 (*1938) je \u010desk\u00fd fotograf, zam\u011b\u0159uj\u00edc\u00ed se na tvorbu v\u00fdtvarn\u00e9ho aktu. \u017densk\u00e9 t\u011blo zobrazuje jak realisticky, tak i abstraktn\u00edm zp\u016fsobem. Z ostatn\u00edch fotografick\u00fdch obor\u016f pak p\u0159eva\u017euje v jeho tvorb\u011b <\/p>\n","protected":false},"author":1,"featured_media":0,"parent":675,"menu_order":0,"comment_status":"closed","ping_status":"closed","template":"","meta":{"ngg_post_thumbnail":0,"footnotes":""},"class_list":["post-1770","page","type-page","status-publish","hentry"],"_links":{"self":[{"href":"https:\/\/www.provaznik.info\/fotoprovaz\/wp-json\/wp\/v2\/pages\/1770","targetHints":{"allow":["GET"]}}],"collection":[{"href":"https:\/\/www.provaznik.info\/fotoprovaz\/wp-json\/wp\/v2\/pages"}],"about":[{"href":"https:\/\/www.provaznik.info\/fotoprovaz\/wp-json\/wp\/v2\/types\/page"}],"author":[{"embeddable":true,"href":"https:\/\/www.provaznik.info\/fotoprovaz\/wp-json\/wp\/v2\/users\/1"}],"replies":[{"embeddable":true,"href":"https:\/\/www.provaznik.info\/fotoprovaz\/wp-json\/wp\/v2\/comments?post=1770"}],"version-history":[{"count":5,"href":"https:\/\/www.provaznik.info\/fotoprovaz\/wp-json\/wp\/v2\/pages\/1770\/revisions"}],"predecessor-version":[{"id":1778,"href":"https:\/\/www.provaznik.info\/fotoprovaz\/wp-json\/wp\/v2\/pages\/1770\/revisions\/1778"}],"up":[{"embeddable":true,"href":"https:\/\/www.provaznik.info\/fotoprovaz\/wp-json\/wp\/v2\/pages\/675"}],"wp:attachment":[{"href":"https:\/\/www.provaznik.info\/fotoprovaz\/wp-json\/wp\/v2\/media?parent=1770"}],"curies":[{"name":"wp","href":"https:\/\/api.w.org\/{rel}","templated":true}]}}