{"id":1519,"date":"2024-03-27T20:39:52","date_gmt":"2024-03-27T19:39:52","guid":{"rendered":"https:\/\/www.provaznik.info\/fotoprovaz\/?page_id=1519"},"modified":"2024-03-27T21:57:34","modified_gmt":"2024-03-27T20:57:34","slug":"eugene-atget-1857-1927","status":"publish","type":"page","link":"https:\/\/www.provaznik.info\/fotoprovaz\/osobnosti-svetove\/eugene-atget-1857-1927\/","title":{"rendered":"Eug\u00e8ne Atget (1857-1927)"},"content":{"rendered":"\n<p>Eug\u00e8ne Atget (12. \u00fanora 1857, Libourne \u2013 4. srpna 1927, Pa\u0159\u00ed\u017e) byl francouzsk\u00fd fotograf zn\u00e1m\u00fd p\u0159edev\u0161\u00edm sv\u00fdmi fotografiemi dokumentuj\u00edc\u00edmi architekturu a pouli\u010dn\u00ed sc\u00e9ny Pa\u0159\u00ed\u017ee. Cel\u00fdm jm\u00e9nem Jean Eug\u00e8ne Auguste Atget se v 90. letech 19. stolet\u00ed usadil v Pa\u0159\u00ed\u017ei a za\u010dal fotografovat nejen ulice tohoto velkom\u011bsta. Charakteristick\u00fdmi rysy Atgetov\u00fdch fotografi\u00ed je sv\u011btlo ovlivn\u011bn\u00e9 dlouhou expozic\u00ed, pom\u011brn\u011b \u0161irok\u00fd z\u00e1b\u011br pohledu, kter\u00fd d\u00e1v\u00e1 pocit prostoru a neklade d\u016fraz na detail povrchu. V\u011bt\u0161ina jeho fotografi\u00ed z\u00e1m\u011brn\u011b vyb\u00edr\u00e1 sc\u00e9ny tak, aby nebyla zaznamen\u00e1na usp\u011bchan\u00e1 modern\u00ed Pa\u0159\u00ed\u017e. <\/p>\n\n\n\n<h2 class=\"wp-block-heading\">Monografick\u00e9 knihy a publikace (V\u00fdb\u011br)<\/h2>\n\n\n\n<p><em>Knihy vydan\u00e9 autorem nebo reprezentuj\u00edc\u00ed pr\u00e1ci autora. Reference prozat\u00edm neuvedeny.<\/em><\/p>\n\n\n\n<h2 class=\"wp-block-heading\">Reference <\/h2>\n\n\n\n<p><em>Odkazy na m\u00edstn\u00ed \u010dl\u00e1nky a texty. Reference prozat\u00edm neuvedeny.<\/em><\/p>\n\n\n\n<h2 class=\"wp-block-heading\">Reference internet<\/h2>\n\n\n\n<ul class=\"wp-block-list\">\n<li><a href=\"https:\/\/cs.wikipedia.org\/wiki\/Eug%C3%A8ne_Atget\">Eug\u00e8ne Atget \u2013 Wikipedie (wikipedia.org)<\/a><\/li>\n\n\n\n<li><a href=\"https:\/\/www.wikidata.org\/wiki\/Q322030\">Eug\u00e8ne Atget &#8211; Wikidata<\/a><\/li>\n<\/ul>\n\n\n\n<p>Dal\u0161\u00ed odkazy sv\u011bt<\/p>\n\n\n\n<ul class=\"wp-block-list\">\n<li><a href=\"https:\/\/www.artic.edu\/artists\/33473\/jean-eugene-auguste-atget\">Jean-Eug\u00e8ne-Auguste Atget | The Art Institute of Chicago (artic.edu)<\/a><\/li>\n\n\n\n<li><a href=\"https:\/\/www.moma.org\/artists\/229\">Eug\u00e8ne Atget | MoMA<\/a><\/li>\n\n\n\n<li><a href=\"https:\/\/www.metmuseum.org\/toah\/hd\/atgt\/hd_atgt.htm\">Eug\u00e8ne Atget (1857\u20131927) | Essay | The Metropolitan Museum of Art | Heilbrunn Timeline of Art History (metmuseum.org)<\/a><\/li>\n<\/ul>\n\n\n\n<h2 class=\"wp-block-heading\">Reference knihy<\/h2>\n\n\n\n<p>Seznam d\u011bl autora v datab\u00e1zi N\u00e1rodn\u00ed knihovny <a href=\"https:\/\/aleph.nkp.cz\/F\/?ccl_term=wau=ola2002149986+or+wkw=ola2002149986&amp;func=find-c&amp;local_base=skc\" target=\"_blank\" rel=\"noreferrer noopener nofollow\">aleph.nkp.cz<\/a><\/p>\n\n\n\n<h2 class=\"wp-block-heading\">Reference \u010dasopisy<\/h2>\n\n\n\n<p><em>Reference na dal\u0161\u00ed ti\u0161t\u011bn\u00fd materi\u00e1l kter\u00fd zmi\u0148uje autora nebo jeho d\u00edlo.  Reference prozat\u00edm neuvedeny.<\/em><\/p>\n\n\n\n<h2 class=\"wp-block-heading\">Reference filmy a video dokumenty<\/h2>\n\n\n\n<p><em>Reference na video materi\u00e1l a filmy kter\u00e9 se v\u011bnuj\u00ed autorovi nebo jeho d\u00edlu.  Reference prozat\u00edm neuvedeny.<\/em><\/p>\n\n\n\n<h2 class=\"wp-block-heading\">Samostatn\u00e9 v\u00fdstavy (v\u00fdb\u011br)<\/h2>\n\n\n\n<p><em>Informace o samostatn\u00fdch v\u00fdstav\u00e1ch autora.  Zam\u011b\u0159en\u00ed na v\u00fdstavy v \u010desk\u00e9 republiky s p\u0159esahem do bl\u00edzk\u00e9 Evropy. Reference prozat\u00edm neuvedeny.<\/em><\/p>\n\n\n\n<h2 class=\"wp-block-heading\">Skupinov\u00e9 v\u00fdstavy (v\u00fdb\u011br)<\/h2>\n\n\n\n<p><em>Informace o skupinov\u00fdch a hromadn\u00fdch v\u00fdstav\u00e1ch na kter\u00fdch autor zve\u0159ejnil sv\u00e1 d\u00edla. Zam\u011b\u0159en\u00ed na v\u00fdstavy v \u010desk\u00e9 republiky s p\u0159esahem do bl\u00edzk\u00e9 Evropy. Reference prozat\u00edm neuvedeny.<\/em><\/p>\n\n\n\n<h2 class=\"wp-block-heading\">Zastoupen\u00ed v galeri\u00edch a sb\u00edrk\u00e1ch (v\u00fdb\u011br)<\/h2>\n\n\n\n<ul class=\"wp-block-list\">\n<li>Art Institute of Chicago, Chicago, Illinois, USA<\/li>\n\n\n\n<li>International Center of Photography \u2013 New York, NY<\/li>\n\n\n\n<li>International Photography Hall of Fame \u2013 St. Louis, MO<\/li>\n\n\n\n<li>The J. Paul Getty Museum \u2013 Los Angeles, CA<\/li>\n<\/ul>\n\n\n\n<h2 class=\"wp-block-heading\">Dal\u0161\u00ed zdroje<\/h2>\n\n\n\n<p><em>Seznam mo\u017en\u00fdch dal\u0161\u00edch zdroj\u016f pro p\u0159\u00edpadn\u00e9 odborn\u00e9 pr\u00e1ce.  Dal\u0161\u00ed zdroje aktu\u00e1ln\u011b neuvedeny. <\/em><\/p>\n\n\n\n<div style=\"height:100px\" aria-hidden=\"true\" class=\"wp-block-spacer\"><\/div>\n\n\n\n<hr class=\"wp-block-separator has-alpha-channel-opacity\"\/>\n\n\n\n<div class=\"wp-block-columns is-layout-flex wp-container-core-columns-is-layout-9d6595d7 wp-block-columns-is-layout-flex\">\n<div class=\"wp-block-column is-layout-flow wp-block-column-is-layout-flow\">\n<p class=\"has-text-align-right\">Naposledy aktualizov\u00e1no:<\/p>\n<\/div>\n\n\n\n<div class=\"wp-block-column is-layout-flow wp-block-column-is-layout-flow\"><div class=\"wp-block-post-date__modified-date wp-block-post-date\"><time datetime=\"2024-03-27T21:57:34+01:00\">27\/03\/2024<\/time><\/div><\/div>\n<\/div>\n","protected":false},"excerpt":{"rendered":"<p>Eug\u00e8ne Atget (12. \u00fanora 1857, Libourne \u2013 4. srpna 1927, Pa\u0159\u00ed\u017e) byl francouzsk\u00fd fotograf zn\u00e1m\u00fd p\u0159edev\u0161\u00edm sv\u00fdmi fotografiemi dokumentuj\u00edc\u00edmi architekturu a pouli\u010dn\u00ed sc\u00e9ny Pa\u0159\u00ed\u017ee. Cel\u00fdm jm\u00e9nem Jean Eug\u00e8ne Auguste Atget <\/p>\n","protected":false},"author":1,"featured_media":0,"parent":821,"menu_order":0,"comment_status":"closed","ping_status":"closed","template":"","meta":{"ngg_post_thumbnail":0,"footnotes":""},"class_list":["post-1519","page","type-page","status-publish","hentry"],"_links":{"self":[{"href":"https:\/\/www.provaznik.info\/fotoprovaz\/wp-json\/wp\/v2\/pages\/1519","targetHints":{"allow":["GET"]}}],"collection":[{"href":"https:\/\/www.provaznik.info\/fotoprovaz\/wp-json\/wp\/v2\/pages"}],"about":[{"href":"https:\/\/www.provaznik.info\/fotoprovaz\/wp-json\/wp\/v2\/types\/page"}],"author":[{"embeddable":true,"href":"https:\/\/www.provaznik.info\/fotoprovaz\/wp-json\/wp\/v2\/users\/1"}],"replies":[{"embeddable":true,"href":"https:\/\/www.provaznik.info\/fotoprovaz\/wp-json\/wp\/v2\/comments?post=1519"}],"version-history":[{"count":3,"href":"https:\/\/www.provaznik.info\/fotoprovaz\/wp-json\/wp\/v2\/pages\/1519\/revisions"}],"predecessor-version":[{"id":1526,"href":"https:\/\/www.provaznik.info\/fotoprovaz\/wp-json\/wp\/v2\/pages\/1519\/revisions\/1526"}],"up":[{"embeddable":true,"href":"https:\/\/www.provaznik.info\/fotoprovaz\/wp-json\/wp\/v2\/pages\/821"}],"wp:attachment":[{"href":"https:\/\/www.provaznik.info\/fotoprovaz\/wp-json\/wp\/v2\/media?parent=1519"}],"curies":[{"name":"wp","href":"https:\/\/api.w.org\/{rel}","templated":true}]}}