{"id":1512,"date":"2024-03-27T19:58:47","date_gmt":"2024-03-27T18:58:47","guid":{"rendered":"https:\/\/www.provaznik.info\/fotoprovaz\/?page_id=1512"},"modified":"2024-03-27T20:30:05","modified_gmt":"2024-03-27T19:30:05","slug":"zdenko-feyfar-1913-2001","status":"publish","type":"page","link":"https:\/\/www.provaznik.info\/fotoprovaz\/foto-odkazy\/osobnosti-cz-sk\/zdenko-feyfar-1913-2001\/","title":{"rendered":"Zdenko Feyfar (*1913-2001)"},"content":{"rendered":"\n<p><strong>Zdenko Feyfar<\/strong>, k\u0159t\u011bn\u00fd jako Zdenko Jaroslav Mo\u0159ic (2. b\u0159ezna 1913, Jilemnice \u2013 3. \u00fanora 2001, Lomnice nad Popelkou) byl \u010desk\u00fd fotograf.<\/p>\n\n\n\n<p>Hlavn\u00edmi motivy fotografi\u00ed Zdenko Feyfara jsou Krkono\u0161e a Praha. Fotografie Prahy n\u011bkdy zhotovoval v neobvykl\u00e9m \u00fazk\u00e9m form\u00e1tu na v\u00fd\u0161ku v protikladu k horizont\u00e1ln\u011b komponovan\u00fdm krajin\u00e1m. Feyfar fotografoval rovn\u011b\u017e portr\u00e9ty, kv\u011btiny, \u0160umavu, krajinu v\u00fdchodn\u00edch a st\u0159edn\u00edch \u010cech a na zahrani\u010dn\u00edch cest\u00e1ch v Egypte, Libanonu, S\u00fdrii a dal\u0161\u00edch. <\/p>\n\n\n\n<h2 class=\"wp-block-heading\">Monografick\u00e9 knihy a publikace (V\u00fdb\u011br)<\/h2>\n\n\n\n<p><strong>Zdenko Feyfar, <\/strong>Autor: Ludv\u00edk Sou\u010dek, Odeon 1977, Edice: Um\u011bleck\u00e1 fotografie; sv. 37 [<a href=\"https:\/\/www.databazeknih.cz\/knihy\/zdenko-feyfar-14121\" target=\"_blank\" rel=\"noreferrer noopener nofollow\">databazeknih.cz<\/a>]<\/p>\n\n\n\n<h2 class=\"wp-block-heading\">Reference <\/h2>\n\n\n\n<p><em>Odkazy na m\u00edstn\u00ed \u010dl\u00e1nky a texty. Reference prozat\u00edm neuvedeny.<\/em><\/p>\n\n\n\n<h2 class=\"wp-block-heading\">Reference internet<\/h2>\n\n\n\n<ul class=\"wp-block-list\">\n<li><a href=\"https:\/\/cs.wikipedia.org\/wiki\/Zdenko_Feyfar\">Zdenko Feyfar \u2013 Wikipedie (wikipedia.org)<\/a><\/li>\n\n\n\n<li><a href=\"https:\/\/www.wikidata.org\/wiki\/Q10857474\">Zdenko Feyfar &#8211; Wikidata<\/a><\/li>\n<\/ul>\n\n\n\n<h2 class=\"wp-block-heading\">Reference knihy<\/h2>\n\n\n\n<p>Seznam d\u011bl autora v datab\u00e1zi N\u00e1rodn\u00ed knihovny <a href=\"https:\/\/aleph.nkp.cz\/F\/?ccl_term=wau=jk01030950+or+wkw=jk01030950&amp;func=find-c&amp;local_base=skc\" target=\"_blank\" rel=\"noreferrer noopener nofollow\">aleph.nkp.cz<\/a><\/p>\n\n\n\n<h2 class=\"wp-block-heading\">Reference \u010dasopisy<\/h2>\n\n\n\n<p><em>Reference na dal\u0161\u00ed ti\u0161t\u011bn\u00fd materi\u00e1l kter\u00fd zmi\u0148uje autora nebo jeho d\u00edlo.  Reference prozat\u00edm neuvedeny.<\/em><\/p>\n\n\n\n<h2 class=\"wp-block-heading\">Reference filmy a video dokumenty<\/h2>\n\n\n\n<p><em>Reference na video materi\u00e1l a filmy kter\u00e9 se v\u011bnuj\u00ed autorovi nebo jeho d\u00edlu.  Reference prozat\u00edm neuvedeny.<\/em><\/p>\n\n\n\n<h2 class=\"wp-block-heading\">Samostatn\u00e9 v\u00fdstavy (v\u00fdb\u011br)<\/h2>\n\n\n\n<ul class=\"wp-block-list\">\n<li><strong>Zdenko Feyfar nezn\u00e1m\u00fd i zn\u00e1m\u00fd<\/strong>, Muzeum hlavn\u00edho m\u011bsta Prahy (Praha), (13.3.2013 &#8211; 28.8.2013)<\/li>\n<\/ul>\n\n\n\n<h2 class=\"wp-block-heading\">Skupinov\u00e9 v\u00fdstavy (v\u00fdb\u011br)<\/h2>\n\n\n\n<p><em>Informace o skupinov\u00fdch a hromadn\u00fdch v\u00fdstav\u00e1ch na kter\u00fdch autor zve\u0159ejnil sv\u00e1 d\u00edla. Zam\u011b\u0159en\u00ed na v\u00fdstavy v \u010desk\u00e9 republiky s p\u0159esahem do bl\u00edzk\u00e9 Evropy. Reference prozat\u00edm neuvedeny.<\/em><\/p>\n\n\n\n<h2 class=\"wp-block-heading\">Zastoupen\u00ed v galeri\u00edch a sb\u00edrk\u00e1ch (v\u00fdb\u011br)<\/h2>\n\n\n\n<ul class=\"wp-block-list\">\n<li>Muzeum hlavn\u00edho m\u011bsta Prahy<\/li>\n\n\n\n<li>Um\u011bleckopr\u016fmyslov\u00e9 muzeum v Praze<\/li>\n\n\n\n<li>Moravsk\u00e1 galerie v Brn\u011b<\/li>\n\n\n\n<li>Sb\u00edrka Svazu \u010desk\u00fdch fotograf\u016f <\/li>\n\n\n\n<li>Krkono\u0161sk\u00e9 muzeu v Jilemnici<\/li>\n<\/ul>\n\n\n\n<h2 class=\"wp-block-heading\">Dal\u0161\u00ed zdroje<\/h2>\n\n\n\n<p><em>Seznam mo\u017en\u00fdch dal\u0161\u00edch zdroj\u016f pro p\u0159\u00edpadn\u00e9 odborn\u00e9 pr\u00e1ce.  Dal\u0161\u00ed zdroje aktu\u00e1ln\u011b neuvedeny. <\/em><\/p>\n\n\n\n<div style=\"height:100px\" aria-hidden=\"true\" class=\"wp-block-spacer\"><\/div>\n\n\n\n<hr class=\"wp-block-separator has-alpha-channel-opacity\"\/>\n\n\n\n<div class=\"wp-block-columns is-layout-flex wp-container-core-columns-is-layout-9d6595d7 wp-block-columns-is-layout-flex\">\n<div class=\"wp-block-column is-layout-flow wp-block-column-is-layout-flow\">\n<p class=\"has-text-align-right\">Naposledy aktualizov\u00e1no:<\/p>\n<\/div>\n\n\n\n<div class=\"wp-block-column is-layout-flow wp-block-column-is-layout-flow\"><div class=\"wp-block-post-date__modified-date wp-block-post-date\"><time datetime=\"2024-03-27T20:30:05+01:00\">27\/03\/2024<\/time><\/div><\/div>\n<\/div>\n","protected":false},"excerpt":{"rendered":"<p>Zdenko Feyfar, k\u0159t\u011bn\u00fd jako Zdenko Jaroslav Mo\u0159ic (2. b\u0159ezna 1913, Jilemnice \u2013 3. \u00fanora 2001, Lomnice nad Popelkou) byl \u010desk\u00fd fotograf. Hlavn\u00edmi motivy fotografi\u00ed Zdenko Feyfara jsou Krkono\u0161e a Praha. <\/p>\n","protected":false},"author":1,"featured_media":0,"parent":675,"menu_order":0,"comment_status":"closed","ping_status":"closed","template":"","meta":{"ngg_post_thumbnail":0,"footnotes":""},"class_list":["post-1512","page","type-page","status-publish","hentry"],"_links":{"self":[{"href":"https:\/\/www.provaznik.info\/fotoprovaz\/wp-json\/wp\/v2\/pages\/1512","targetHints":{"allow":["GET"]}}],"collection":[{"href":"https:\/\/www.provaznik.info\/fotoprovaz\/wp-json\/wp\/v2\/pages"}],"about":[{"href":"https:\/\/www.provaznik.info\/fotoprovaz\/wp-json\/wp\/v2\/types\/page"}],"author":[{"embeddable":true,"href":"https:\/\/www.provaznik.info\/fotoprovaz\/wp-json\/wp\/v2\/users\/1"}],"replies":[{"embeddable":true,"href":"https:\/\/www.provaznik.info\/fotoprovaz\/wp-json\/wp\/v2\/comments?post=1512"}],"version-history":[{"count":2,"href":"https:\/\/www.provaznik.info\/fotoprovaz\/wp-json\/wp\/v2\/pages\/1512\/revisions"}],"predecessor-version":[{"id":1517,"href":"https:\/\/www.provaznik.info\/fotoprovaz\/wp-json\/wp\/v2\/pages\/1512\/revisions\/1517"}],"up":[{"embeddable":true,"href":"https:\/\/www.provaznik.info\/fotoprovaz\/wp-json\/wp\/v2\/pages\/675"}],"wp:attachment":[{"href":"https:\/\/www.provaznik.info\/fotoprovaz\/wp-json\/wp\/v2\/media?parent=1512"}],"curies":[{"name":"wp","href":"https:\/\/api.w.org\/{rel}","templated":true}]}}