{"id":1471,"date":"2024-03-27T00:35:09","date_gmt":"2024-03-26T23:35:09","guid":{"rendered":"https:\/\/www.provaznik.info\/fotoprovaz\/?page_id=1471"},"modified":"2024-03-27T14:15:03","modified_gmt":"2024-03-27T13:15:03","slug":"karel-cudlin-1960","status":"publish","type":"page","link":"https:\/\/www.provaznik.info\/fotoprovaz\/foto-odkazy\/osobnosti-cz-sk\/karel-cudlin-1960\/","title":{"rendered":"Karel Cudl\u00edn (*1960)"},"content":{"rendered":"\n<p>Karel Cudl\u00edn (* 28. \u010dervna 1960, Praha) je \u010desk\u00fd fotograf, zab\u00fdvaj\u00edc\u00ed se p\u0159ev\u00e1\u017en\u011b dokument\u00e1rn\u00ed fotografi\u00ed. P\u016fsob\u00ed i jako pedagog. Spolupracuje s vydavatelstv\u00edmi, televizemi a filmov\u00fdmi produkcemi v \u010cesk\u00e9 republice i v zahrani\u010d\u00ed. V letech 1997\u20132003 byl jedn\u00edm z ofici\u00e1ln\u00edch fotograf\u016f prezidenta V\u00e1clava Havla.  Z\u00edskal n\u011bkolik cen v sout\u011b\u017ei Czech Press Photo. P\u016fsobil i v redakc\u00edch Mlad\u00e9ho sv\u011bta, Lidov\u00fdch novin, Respektu a v agentu\u0159e \u010cTK.  Je \u010dlenem spolku dokument\u00e1rn\u00edch fotograf\u016f 400 ASA.&nbsp; <\/p>\n\n\n\n<p>Tvo\u0159\u00ed v cyklech, jak\u00fdmi jsou nap\u0159\u00edklad odchod sov\u011btsk\u00fdch vojsk z \u010ceskoslovenska, komunistick\u00e9 slavnosti, Lucerna, Romov\u00e9, Uprchl\u00edci, Ukrajina, Izrael anebo N\u00e1rodn\u00ed divadlo (v roce 2005 vy\u0161lo kni\u017en\u011b). Jeho monografie vydalo nakladatelstv\u00ed Torst (2001 a 2016).<\/p>\n\n\n\n<h2 class=\"wp-block-heading\">Monografick\u00e9 knihy a publikace (V\u00fdb\u011br)<\/h2>\n\n\n\n<ul class=\"wp-block-list\">\n<li><strong>Cudl\u00edn Karel: Fotografie \/ Photographs 1976-2016<\/strong>, Autor: Karel Cudl\u00edn, Nakladatel: Torst, 2016, ISBN: 978-80-7215-522-4 [<a href=\"https:\/\/www.kosmas.cz\/knihy\/218561\/cudlin-karel\/\" target=\"_blank\" rel=\"noreferrer noopener nofollow\">kosmas.cz<\/a>]<\/li>\n\n\n\n<li><strong>Karel Cudl\u00edn<\/strong>, Autor: Karel Cudl\u00edn, Nakladatel: Torst 2001, Edice: FotoTorst, ISBN: 80-7215-148-7 [<a href=\"https:\/\/www.kosmas.cz\/knihy\/101762\/karel-cudlin\/\">kosmas.cz<\/a>]<\/li>\n\n\n\n<li><strong>Izrael [50]<\/strong>, Auto\u0159i: Karel Cudl\u00edn, Jind\u0159ich Marco, Nakladatel: Argo 1998, ISBN: 80-7203-183-X [<a href=\"https:\/\/www.kosmas.cz\/knihy\/2384\/izrael\/\" target=\"_blank\" rel=\"noreferrer noopener nofollow\">kosmas.cz<\/a>]<\/li>\n<\/ul>\n\n\n\n<h2 class=\"wp-block-heading\">Reference <\/h2>\n\n\n\n<ul class=\"wp-block-list\">\n<li><a href=\"https:\/\/www.provaznik.info\/fotoprovaz\/wp-admin\/post.php?post=1470&amp;action=edit\">Debata \u201cJak se fot\u00ed prezidenti\u201d<\/a><\/li>\n<\/ul>\n\n\n\n<h2 class=\"wp-block-heading\">Reference internet<\/h2>\n\n\n\n<ul class=\"wp-block-list\">\n<li><a href=\"https:\/\/cs.wikipedia.org\/wiki\/Karel_Cudl%C3%ADn\">Karel Cudl\u00edn \u2013 Wikipedie (wikipedia.org)<\/a><\/li>\n\n\n\n<li><a href=\"https:\/\/www.wikidata.org\/wiki\/Q392359\">Karel Cudl\u00edn &#8211; Wikidata<\/a><\/li>\n\n\n\n<li><a href=\"https:\/\/www.cudlin.com\/\">Karel Cudl\u00edn | Photographer | Prague (cudlin.com)<\/a><\/li>\n\n\n\n<li><a href=\"https:\/\/www.400asa.org\/karel-cudlin-cze\/\">Karel Cudl\u00edn CZE | 400 ASA<\/a> <\/li>\n\n\n\n<li><a href=\"https:\/\/www.pametnaroda.cz\/cs\/cudlin-karel-1960\">Karel Cudl\u00edn (1960) (pametnaroda.cz)<\/a><\/li>\n\n\n\n<li><a href=\"https:\/\/www.f22.cz\/karel-cudlin-co-se-nesmelo-fotit\/\">Karel Cudl\u00edn &#8211; o fotografov\u00e1n\u00ed v 80. letech 20. stolet\u00ed (f22.cz)<\/a><\/li>\n<\/ul>\n\n\n\n<h2 class=\"wp-block-heading\">Reference knihy<\/h2>\n\n\n\n<ul class=\"wp-block-list\">\n<li><strong>Vid\u011bno dev\u00edti. Fotografie z Ruska<\/strong>, Nakladatel\u00e9: Art-residence Zahradn\u00edk, KANT 2014 [<a href=\"https:\/\/www.kosmas.cz\/knihy\/194766\/videno-deviti.-fotografie-z-ruska\/\" target=\"_blank\" rel=\"noreferrer noopener nofollow\">kosmas.cz<\/a>]<\/li>\n<\/ul>\n\n\n\n<p>Seznam d\u011bl autora v datab\u00e1zi N\u00e1rodn\u00ed knihovny <a href=\"https:\/\/aleph.nkp.cz\/F\/?ccl_term=wau=jn19990209104+or+wkw=jn19990209104&amp;func=find-c&amp;local_base=skc\" target=\"_blank\" rel=\"noreferrer noopener nofollow\">aleph.nkp.cz<\/a><\/p>\n\n\n\n<h2 class=\"wp-block-heading\">Reference \u010dasopisy<\/h2>\n\n\n\n<p>Reference na dal\u0161\u00ed ti\u0161t\u011bn\u00fd materi\u00e1l kter\u00fd zmi\u0148uje autora nebo jeho d\u00edlo.  Reference prozat\u00edm neuvedeny.<\/p>\n\n\n\n<h2 class=\"wp-block-heading\">Reference filmy a video dokumenty<\/h2>\n\n\n\n<ul class=\"wp-block-list\">\n<li><a href=\"https:\/\/www.youtube.com\/watch?v=Er8TOV47gEk\">Videomedailon: Dokument\u00e1rn\u00ed fotograf Karel Cudl\u00edn, IKS\u017d &#8211; Institut komunika\u010dn\u00edch studi\u00ed a \u017eurnalistiky FSV UK, (14. 4. 2017, YouTube.com)<\/a><\/li>\n\n\n\n<li><a href=\"https:\/\/www.youtube.com\/watch?v=ylWs5VTnzIM\" target=\"_blank\" rel=\"noreferrer noopener nofollow\">49. LF\u0160 &#8211; Jak se fot\u00ed prezidenti (1. 8. 2023, youtube.com)<\/a> <\/li>\n\n\n\n<li><a href=\"https:\/\/www.youtube.com\/watch?v=3lwqEuQ1shI\" target=\"_blank\" rel=\"noreferrer noopener nofollow\">Foto\u0160koda FEST: Al\u017eb\u011bta Jungrov\u00e1 vs. Karel Cudl\u00edn &#8211; Realita bez p\u0159\u00edkras (1. 11. 2021, youtube.com)<\/a><\/li>\n<\/ul>\n\n\n\n<h2 class=\"wp-block-heading\">Samostatn\u00e9 v\u00fdstavy (v\u00fdb\u011br)<\/h2>\n\n\n\n<ul class=\"wp-block-list\">\n<li>KAREL CUDL\u00cdN, Fotografie, Galerie V\u00e1clava \u0160p\u00e1ly, Praha, 7. 8. &#8211; 28. 8. 2016, Kur\u00e1tor: Misha Sidenberg, [<a href=\"https:\/\/www.galerievaclavaspaly.cz\/cs\/vystava\/fotografie\" target=\"_blank\" rel=\"noreferrer noopener nofollow\">archiv galerie<\/a>]<\/li>\n<\/ul>\n\n\n\n<h2 class=\"wp-block-heading\">Hromadn\u00e9 v\u00fdstavy (v\u00fdb\u011br)<\/h2>\n\n\n\n<p>Informace o skupinov\u00fdch a hromadn\u00fdch v\u00fdstav\u00e1ch na kter\u00fdch autor zve\u0159ejnil sv\u00e1 d\u00edla. Zam\u011b\u0159en\u00ed na v\u00fdstavy v \u010desk\u00e9 republiky s p\u0159esahem do bl\u00edzk\u00e9 Evropy. Reference prozat\u00edm neuvedeny.<\/p>\n\n\n\n<h2 class=\"wp-block-heading\">Zastoupen\u00ed v galeri\u00edch a sb\u00edrk\u00e1ch (v\u00fdb\u011br)<\/h2>\n\n\n\n<ul class=\"wp-block-list\">\n<li>UMPRUM Praha<\/li>\n\n\n\n<li>Moravsk\u00e1 galerie Brno<\/li>\n\n\n\n<li>Ludwig museum Kol\u00edn nad R\u00fdnem<\/li>\n\n\n\n<li>Muzeum Zdi Berl\u00edn<\/li>\n\n\n\n<li>Museum d\u2018Elysse Lausanne<\/li>\n<\/ul>\n\n\n\n<h2 class=\"wp-block-heading\">Dal\u0161\u00ed zdroje<\/h2>\n\n\n\n<p>Seznam mo\u017en\u00fdch dal\u0161\u00edch zdroj\u016f pro p\u0159\u00edpadn\u00e9 odborn\u00e9 pr\u00e1ce.  Dal\u0161\u00ed zdroje aktu\u00e1ln\u011b neuvedeny. <\/p>\n\n\n\n<div style=\"height:100px\" aria-hidden=\"true\" class=\"wp-block-spacer\"><\/div>\n\n\n\n<hr class=\"wp-block-separator has-alpha-channel-opacity\"\/>\n\n\n\n<div class=\"wp-block-columns is-layout-flex wp-container-core-columns-is-layout-9d6595d7 wp-block-columns-is-layout-flex\">\n<div class=\"wp-block-column is-layout-flow wp-block-column-is-layout-flow\">\n<p class=\"has-text-align-right\">Naposledy aktualizov\u00e1no:<\/p>\n<\/div>\n\n\n\n<div class=\"wp-block-column is-layout-flow wp-block-column-is-layout-flow\"><div class=\"wp-block-post-date__modified-date wp-block-post-date\"><time datetime=\"2024-03-27T14:15:03+01:00\">27\/03\/2024<\/time><\/div><\/div>\n<\/div>\n","protected":false},"excerpt":{"rendered":"<p>Karel Cudl\u00edn (* 28. \u010dervna 1960, Praha) je \u010desk\u00fd fotograf, zab\u00fdvaj\u00edc\u00ed se p\u0159ev\u00e1\u017en\u011b dokument\u00e1rn\u00ed fotografi\u00ed. P\u016fsob\u00ed i jako pedagog. Spolupracuje s vydavatelstv\u00edmi, televizemi a filmov\u00fdmi produkcemi v \u010cesk\u00e9 republice i <\/p>\n","protected":false},"author":1,"featured_media":0,"parent":675,"menu_order":0,"comment_status":"closed","ping_status":"closed","template":"","meta":{"ngg_post_thumbnail":0,"footnotes":""},"class_list":["post-1471","page","type-page","status-publish","hentry"],"_links":{"self":[{"href":"https:\/\/www.provaznik.info\/fotoprovaz\/wp-json\/wp\/v2\/pages\/1471","targetHints":{"allow":["GET"]}}],"collection":[{"href":"https:\/\/www.provaznik.info\/fotoprovaz\/wp-json\/wp\/v2\/pages"}],"about":[{"href":"https:\/\/www.provaznik.info\/fotoprovaz\/wp-json\/wp\/v2\/types\/page"}],"author":[{"embeddable":true,"href":"https:\/\/www.provaznik.info\/fotoprovaz\/wp-json\/wp\/v2\/users\/1"}],"replies":[{"embeddable":true,"href":"https:\/\/www.provaznik.info\/fotoprovaz\/wp-json\/wp\/v2\/comments?post=1471"}],"version-history":[{"count":11,"href":"https:\/\/www.provaznik.info\/fotoprovaz\/wp-json\/wp\/v2\/pages\/1471\/revisions"}],"predecessor-version":[{"id":1499,"href":"https:\/\/www.provaznik.info\/fotoprovaz\/wp-json\/wp\/v2\/pages\/1471\/revisions\/1499"}],"up":[{"embeddable":true,"href":"https:\/\/www.provaznik.info\/fotoprovaz\/wp-json\/wp\/v2\/pages\/675"}],"wp:attachment":[{"href":"https:\/\/www.provaznik.info\/fotoprovaz\/wp-json\/wp\/v2\/media?parent=1471"}],"curies":[{"name":"wp","href":"https:\/\/api.w.org\/{rel}","templated":true}]}}