{"id":1265,"date":"2024-01-29T16:59:36","date_gmt":"2024-01-29T15:59:36","guid":{"rendered":"https:\/\/www.provaznik.info\/fotoprovaz\/?page_id=1265"},"modified":"2024-01-29T17:37:57","modified_gmt":"2024-01-29T16:37:57","slug":"martha-cooper","status":"publish","type":"page","link":"https:\/\/www.provaznik.info\/fotoprovaz\/osobnosti-svetove\/martha-cooper\/","title":{"rendered":"Martha Cooper"},"content":{"rendered":"\n<p><\/p>\n\n\n\n<div class=\"wp-block-columns is-layout-flex wp-container-core-columns-is-layout-9d6595d7 wp-block-columns-is-layout-flex\">\n<div class=\"wp-block-column is-layout-flow wp-block-column-is-layout-flow\" style=\"flex-basis:44.45%\">\n<p>(* 09. 03. 1943 v Baltimore, Maryland, USA) &#8211; Fotografick\u00fd dokument, street art fotografie,  fotografie graffiti, street artu, mural artu, soci\u00e1ln\u00ed t\u00e9ma. <\/p>\n<\/div>\n\n\n\n<div class=\"wp-block-column is-layout-flow wp-block-column-is-layout-flow\" style=\"flex-basis:22.22%\">\n<figure class=\"wp-block-image size-full is-resized\"><img loading=\"lazy\" decoding=\"async\" width=\"604\" height=\"402\" src=\"https:\/\/www.provaznik.info\/fotoprovaz\/wp-content\/uploads\/2024\/01\/martha_cooper_00.jpg\" alt=\"\" class=\"wp-image-1251\" style=\"width:233px;height:auto\" srcset=\"https:\/\/www.provaznik.info\/fotoprovaz\/wp-content\/uploads\/2024\/01\/martha_cooper_00.jpg 604w, https:\/\/www.provaznik.info\/fotoprovaz\/wp-content\/uploads\/2024\/01\/martha_cooper_00-300x200.jpg 300w\" sizes=\"auto, (max-width: 604px) 100vw, 604px\" \/><\/figure>\n<\/div>\n\n\n\n<div class=\"wp-block-column is-layout-flow wp-block-column-is-layout-flow\" style=\"flex-basis:33.33%\">\n<figure class=\"wp-block-image size-full is-resized\"><img loading=\"lazy\" decoding=\"async\" width=\"620\" height=\"413\" src=\"https:\/\/www.provaznik.info\/fotoprovaz\/wp-content\/uploads\/2024\/01\/martha_cooper_07.jpg\" alt=\"\" class=\"wp-image-1269\" style=\"width:234px;height:auto\" srcset=\"https:\/\/www.provaznik.info\/fotoprovaz\/wp-content\/uploads\/2024\/01\/martha_cooper_07.jpg 620w, https:\/\/www.provaznik.info\/fotoprovaz\/wp-content\/uploads\/2024\/01\/martha_cooper_07-300x200.jpg 300w\" sizes=\"auto, (max-width: 620px) 100vw, 620px\" \/><\/figure>\n<\/div>\n<\/div>\n\n\n\n<h2 class=\"wp-block-heading\">BIO<\/h2>\n\n\n\n<p>Martha Cooper je americk\u00e1 fotografka kter\u00e1 se cel\u00fd sv\u016fj \u017eivot zab\u00fdv\u00e1 fotografov\u00e1n\u00edm na ulic\u00edch. Mapuje m\u011bstsk\u00e9 subkultury nejen New Yorku, ale i jinde na sv\u011bt\u011b. V\u00fdraznou stopu zanechala p\u0159edev\u0161\u00edm d\u00edky spoluautorstv\u00ed na fotografick\u00e9 knize \u201e<strong>Subway Art<\/strong>\u201c. Tato publikace se stala jednou z nejd\u016fle\u017eit\u011bj\u0161\u00edch v tomto specifick\u00e9m v\u00fdtvarn\u00e9m \u017e\u00e1nru. Kniha pln\u00e1 fotografi\u00ed graffiti, street artu a mural artu ovlivnila velk\u00e9 mno\u017estv\u00ed um\u011blc\u016f i fotograf\u016f .Spolupracovala s \u010dasopisem National Geographic, byla \u010dlenkou redakce New York Post.  T\u00e9matu se v\u011bnuje u\u017e od 70. let 20. stolet\u00ed.<\/p>\n\n\n\n<h2 class=\"wp-block-heading\">Odkazy<\/h2>\n\n\n\n<p>[1] <a href=\"https:\/\/www.ceskatelevize.cz\/porady\/13470370134-martha-obrazkovy-pribeh\/\">https:\/\/www.ceskatelevize.cz\/porady\/13470370134-martha-obrazkovy-pribeh\/<\/a><\/p>\n\n\n\n<p>[2] <a href=\"https:\/\/magazin.aktualne.cz\/kultura\/umeni\/writeri-prijali-marty-za-svou-jeji-fotky-visi-v-trafu\/r~i:article:778206\/\">https:\/\/magazin.aktualne.cz\/kultura\/umeni\/writeri-prijali-marty-za-svou-jeji-fotky-visi-v-trafu\/r~i:article:778206\/<\/a><\/p>\n\n\n\n<p>[3] <a href=\"https:\/\/ct24.ceskatelevize.cz\/clanek\/kultura\/martha-cooper-seznamila-svet-s-fenomenem-graffiti-304416\">https:\/\/ct24.ceskatelevize.cz\/clanek\/kultura\/martha-cooper-seznamila-svet-s-fenomenem-graffiti-304416<\/a><\/p>\n\n\n\n<p>[4] <a href=\"https:\/\/cs.wikipedia.org\/wiki\/Martha_Cooperov%C3%A1\"><\/a><a href=\"https:\/\/cs.wikipedia.org\/wiki\/Martha_Cooperov%C3%A1\">https:\/\/cs.wikipedia.org\/wiki\/Martha_Cooperov\u00e1<\/a><\/p>\n\n\n\n<p>[5] <a href=\"https:\/\/en.wikipedia.org\/wiki\/Martha_Cooper\">https:\/\/en.wikipedia.org\/wiki\/Martha_Cooper<\/a><\/p>\n\n\n\n<p>[6] <a href=\"https:\/\/www.kodakgirl.com\/\"><\/a><a href=\"https:\/\/www.kodakgirl.com\">https:\/\/www.kodakgirl.com<\/a><\/p>\n\n\n\n<p>[7] <a href=\"https:\/\/web.archive.org\/web\/20120104152324\/http:\/\/www.12ozprophet.com\/index.php\/martha_cooper\/\">https:\/\/web.archive.org\/web\/20120104152324\/http:\/\/www.12ozprophet.com\/index.php\/martha_cooper\/<\/a><\/p>\n\n\n\n<p>[8] <a href=\"https:\/\/artplugged.co.uk\/martha-cooper-the-icon-of-street-art-photography\/\">https:\/\/artplugged.co.uk\/martha-cooper-the-icon-of-street-art-photography\/<\/a><\/p>\n\n\n\n<p>[9] <a href=\"https:\/\/www.provaznik.info\/fotoprovaz\/blog\/2022\/06\/27\/martha-obrazkovy-pribeh\/\" data-type=\"post\" data-id=\"1247\">Martha: obr\u00e1zkov\u00fd p\u0159\u00edb\u011bh<\/a><\/p>\n\n\n\n<h2 class=\"wp-block-heading\">Knihy<\/h2>\n\n\n\n<h2 class=\"wp-block-heading\">Fotografie<\/h2>\n\n\n\nngg_shortcode_0_placeholder\n","protected":false},"excerpt":{"rendered":"<p>(* 09. 03. 1943 v Baltimore, Maryland, USA) &#8211; Fotografick\u00fd dokument, street art fotografie, fotografie graffiti, street artu, mural artu, soci\u00e1ln\u00ed t\u00e9ma. BIO Martha Cooper je americk\u00e1 fotografka kter\u00e1 se <\/p>\n","protected":false},"author":1,"featured_media":0,"parent":821,"menu_order":0,"comment_status":"closed","ping_status":"closed","template":"","meta":{"ngg_post_thumbnail":0,"footnotes":""},"class_list":["post-1265","page","type-page","status-publish","hentry"],"_links":{"self":[{"href":"https:\/\/www.provaznik.info\/fotoprovaz\/wp-json\/wp\/v2\/pages\/1265","targetHints":{"allow":["GET"]}}],"collection":[{"href":"https:\/\/www.provaznik.info\/fotoprovaz\/wp-json\/wp\/v2\/pages"}],"about":[{"href":"https:\/\/www.provaznik.info\/fotoprovaz\/wp-json\/wp\/v2\/types\/page"}],"author":[{"embeddable":true,"href":"https:\/\/www.provaznik.info\/fotoprovaz\/wp-json\/wp\/v2\/users\/1"}],"replies":[{"embeddable":true,"href":"https:\/\/www.provaznik.info\/fotoprovaz\/wp-json\/wp\/v2\/comments?post=1265"}],"version-history":[{"count":3,"href":"https:\/\/www.provaznik.info\/fotoprovaz\/wp-json\/wp\/v2\/pages\/1265\/revisions"}],"predecessor-version":[{"id":1272,"href":"https:\/\/www.provaznik.info\/fotoprovaz\/wp-json\/wp\/v2\/pages\/1265\/revisions\/1272"}],"up":[{"embeddable":true,"href":"https:\/\/www.provaznik.info\/fotoprovaz\/wp-json\/wp\/v2\/pages\/821"}],"wp:attachment":[{"href":"https:\/\/www.provaznik.info\/fotoprovaz\/wp-json\/wp\/v2\/media?parent=1265"}],"curies":[{"name":"wp","href":"https:\/\/api.w.org\/{rel}","templated":true}]}}