{"id":1212,"date":"2023-09-21T09:25:58","date_gmt":"2023-09-21T08:25:58","guid":{"rendered":"https:\/\/www.provaznik.info\/fotoprovaz\/?page_id=1212"},"modified":"2023-09-21T09:27:13","modified_gmt":"2023-09-21T08:27:13","slug":"robert-mapplethorpe","status":"publish","type":"page","link":"https:\/\/www.provaznik.info\/fotoprovaz\/robert-mapplethorpe\/","title":{"rendered":"Robert Mapplethorpe"},"content":{"rendered":"\n<div class=\"wp-block-columns is-layout-flex wp-container-core-columns-is-layout-9d6595d7 wp-block-columns-is-layout-flex\">\n<div class=\"wp-block-column is-layout-flow wp-block-column-is-layout-flow\" style=\"flex-basis:66.66%\">\n<p>Americk\u00fd portr\u00e9tn\u00ed fotograf a vizu\u00e1ln\u00ed um\u011blec zn\u00e1m\u00fd nap\u0159\u00edklad sv\u00fdmi velkoform\u00e1tov\u00fdmi, vysoce stylizovan\u00fdmi \u010dernob\u00edl\u00fdmi fotografiemi kv\u011btin a mu\u017esk\u00fdch akt\u016f. V b\u0159eznu roku 1989 zem\u0159el v bostonsk\u00e9 nemocnici na n\u00e1sledky onemocn\u011bn\u00ed AIDS.<\/p>\n<\/div>\n\n\n\n<div class=\"wp-block-column is-layout-flow wp-block-column-is-layout-flow\" style=\"flex-basis:30%\">\n<figure class=\"wp-block-image size-full\"><img loading=\"lazy\" decoding=\"async\" width=\"219\" height=\"219\" src=\"https:\/\/www.provaznik.info\/fotoprovaz\/wp-content\/uploads\/2023\/09\/obrazek_2023-09-21_102445430.png\" alt=\"\" class=\"wp-image-1214\" srcset=\"https:\/\/www.provaznik.info\/fotoprovaz\/wp-content\/uploads\/2023\/09\/obrazek_2023-09-21_102445430.png 219w, https:\/\/www.provaznik.info\/fotoprovaz\/wp-content\/uploads\/2023\/09\/obrazek_2023-09-21_102445430-150x150.png 150w\" sizes=\"auto, (max-width: 219px) 100vw, 219px\" \/><\/figure>\n<\/div>\n<\/div>\n\n\n\n<h2 class=\"wp-block-heading\">Knihy &#8211; Ostatn\u00ed auto\u0159i<\/h2>\n\n\n\n<h3 class=\"wp-block-heading\">Patti Smith \u2013 Just Kids \/ Jsou to jen d\u011bti<\/h3>\n\n\n\n<p>Kniha od legend\u00e1rn\u00ed rokov\u00e9 zp\u011bva\u010dky a b\u00e1sn\u00ed\u0159ky Patti Smith kter\u00e1 vzpom\u00edn\u00e1 na sv\u00e9 ml\u00e1d\u00ed a p\u0159\u00e1telstv\u00ed s fotografem Robertem Mapplethorpem. Patti Smith n\u00e1m skrze tuto publikaci pootev\u00edr\u00e1 dve\u0159e do reality tehdej\u0161\u00ed kulturn\u00ed sc\u00e9ny a dovoluje n\u00e1m ji l\u00e9pe poznat a pochopit. P\u0159ibli\u017euje n\u00e1m ji se v\u0161\u00edm v\u0161udy, se strastmi i \u00fasp\u011bchy, v\u010detn\u011b velk\u00fdch um\u011blc\u016f jako je Andy Warhol, Jimi Hendrix nebo Jim Morrison.<\/p>\n\n\n\n<h2 class=\"wp-block-heading\">Zdroje a odkazy:<\/h2>\n\n\n\n<p>Wiki &#8211; <a href=\"https:\/\/en.wikipedia.org\/wiki\/Robert_Mapplethorpe\">https:\/\/en.wikipedia.org\/wiki\/Robert_Mapplethorpe<\/a><\/p>\n\n\n\n<p>Mapplethorpe Foundation &#8211; <a href=\"https:\/\/www.mapplethorpe.org\/\">https:\/\/www.mapplethorpe.org\/<\/a> &#8211; V\u00fdb\u011br z fotografi\u00ed, biografie<\/p>\n","protected":false},"excerpt":{"rendered":"<p>Americk\u00fd portr\u00e9tn\u00ed fotograf a vizu\u00e1ln\u00ed um\u011blec zn\u00e1m\u00fd nap\u0159\u00edklad sv\u00fdmi velkoform\u00e1tov\u00fdmi, vysoce stylizovan\u00fdmi \u010dernob\u00edl\u00fdmi fotografiemi kv\u011btin a mu\u017esk\u00fdch akt\u016f. V b\u0159eznu roku 1989 zem\u0159el v bostonsk\u00e9 nemocnici na n\u00e1sledky onemocn\u011bn\u00ed AIDS. <\/p>\n","protected":false},"author":1,"featured_media":0,"parent":0,"menu_order":0,"comment_status":"closed","ping_status":"closed","template":"","meta":{"ngg_post_thumbnail":0,"footnotes":""},"class_list":["post-1212","page","type-page","status-publish","hentry"],"_links":{"self":[{"href":"https:\/\/www.provaznik.info\/fotoprovaz\/wp-json\/wp\/v2\/pages\/1212","targetHints":{"allow":["GET"]}}],"collection":[{"href":"https:\/\/www.provaznik.info\/fotoprovaz\/wp-json\/wp\/v2\/pages"}],"about":[{"href":"https:\/\/www.provaznik.info\/fotoprovaz\/wp-json\/wp\/v2\/types\/page"}],"author":[{"embeddable":true,"href":"https:\/\/www.provaznik.info\/fotoprovaz\/wp-json\/wp\/v2\/users\/1"}],"replies":[{"embeddable":true,"href":"https:\/\/www.provaznik.info\/fotoprovaz\/wp-json\/wp\/v2\/comments?post=1212"}],"version-history":[{"count":2,"href":"https:\/\/www.provaznik.info\/fotoprovaz\/wp-json\/wp\/v2\/pages\/1212\/revisions"}],"predecessor-version":[{"id":1216,"href":"https:\/\/www.provaznik.info\/fotoprovaz\/wp-json\/wp\/v2\/pages\/1212\/revisions\/1216"}],"wp:attachment":[{"href":"https:\/\/www.provaznik.info\/fotoprovaz\/wp-json\/wp\/v2\/media?parent=1212"}],"curies":[{"name":"wp","href":"https:\/\/api.w.org\/{rel}","templated":true}]}}