{"id":1195,"date":"2023-09-19T09:24:43","date_gmt":"2023-09-19T08:24:43","guid":{"rendered":"https:\/\/www.provaznik.info\/fotoprovaz\/?page_id=1195"},"modified":"2024-10-30T00:08:10","modified_gmt":"2024-10-29T23:08:10","slug":"fotoklub-safir-turnov","status":"publish","type":"page","link":"https:\/\/www.provaznik.info\/fotoprovaz\/foto-odkazy\/fotokluby\/fotoklub-safir-turnov\/","title":{"rendered":"Fotoklub Saf\u00edr Turnov"},"content":{"rendered":"\n<h2 class=\"wp-block-heading\">Historie fotoklubu<\/h2>\n\n\n\n<p>Traduje se, \u017ee se turnov\u0161t\u00ed fotografov\u00e9 sch\u00e1zeli k v\u00fdm\u011bn\u011b zku\u0161enost\u00ed ji\u017e kr\u00e1tce po prvn\u00ed sv\u011btov\u00e9 v\u00e1lce. Tato aktivita p\u0159etrvala s n\u011bkolika p\u0159est\u00e1vkami a\u017e do pades\u00e1t\u00fdch let, kdy patron\u00e1t nad fotografy p\u0159evzal tehdej\u0161\u00ed <strong><em>n\u00e1rodn\u00ed podnik Dioptra Turnov<\/em><\/strong>.<\/p>\n\n\n\n<p>O n\u011bkolik let pozd\u011bji se skupina rozd\u011blila na filmovou a fotografickou sekci a p\u0159e\u0161la pod Okresn\u00ed kulturn\u00ed st\u0159edisko. Fotografov\u00e9 st\u00e1li v roce 1961 u zrodu mapov\u00e9ho okruhu <a href=\"https:\/\/www.provaznik.info\/fotoprovaz\/foto-odkazy\/foto-mapove-okruhy\/fotograficky-mapovy-okruh-cesky-raj\/\" data-type=\"page\" data-id=\"1187\">\u010cesk\u00fd r\u00e1j<\/a>. V roce 1970 se fotoklub osamostatnil a ji\u017e pod n\u00e1zvem <strong>SAF\u00cdR<\/strong> zalo\u017eil <a href=\"https:\/\/www.provaznik.info\/fotoprovaz\/foto-odkazy\/foto-mapove-okruhy\/turnovsky-mapovy-okruh\/\" data-type=\"page\" data-id=\"1198\">Turnovsk\u00fd mapov\u00fd okruh<\/a>. Tehdy se stal jeho vedouc\u00edm Ji\u0159\u00ed Baudy\u0161, kter\u00fd se staral, aby \u010dinnost krou\u017eku alespo\u0148 neofici\u00e1ln\u011b d\u00e1le pokra\u010dovala. <\/p>\n\n\n\n<p>V roce 1980 tak skupina p\u0159e\u0161la jako jeden z kolektiv\u016f ZU\u010c pod JKP ROH v Turnov\u011b. Veden\u00ed se ujal B\u0159etislav Jansa spolu s Ladislavem Rand\u00e1kem. Krou\u017eek po sv\u00fdch p\u0159edch\u016fdc\u00edch p\u0159evzal n\u00e1zev <strong>SAF\u00cdR<\/strong>.  V roce 1981 klub vyhl\u00e1sil 1. ro\u010dn\u00edk fotosout\u011b\u017ee v\u011bnovan\u00e9 krajin\u00e1\u0159sk\u00e9 fotografii nazvan\u00e9 ,,CHKO \u010cesk\u00fd r\u00e1j ve fotografii&#8220; nyn\u00ed ZEMSK\u00dd R\u00c1J.<\/p>\n\n\n\n<p>Od roku 1993 p\u016fsob\u00ed fotoklub jako samostatn\u00e9 sdru\u017een\u00ed s pr\u00e1vn\u00ed subjektivitou. Od t\u00e9ho\u017e roku provozuje ve vlastn\u00ed re\u017eii v pronajat\u00fdch prostorech muzea \u010cesk\u00e9ho r\u00e1je v Turnov\u011b GALERII SAF\u00cdR.<\/p>\n\n\n\n<p>Od 9. \u010dervna 2015 je fotoklub zaps\u00e1n u Krajsk\u00e9ho soudu v Hradci Kr\u00e1lov\u00e9 jako FOTOKLUB SAF\u00cdR TURNOV,z.s.<\/p>\n\n\n\n<p>V\u00edce zde: <a href=\"https:\/\/fotoklubsafir.webnode.cz\/o-nas\/\">https:\/\/fotoklubsafir.webnode.cz\/o-nas\/<\/a><\/p>\n\n\n\n<h2 class=\"wp-block-heading\">Odkazy a www str\u00e1nky<\/h2>\n\n\n\n<p>Webov\u00e9 str\u00e1nky fotoklubu:  <a href=\"https:\/\/fotoklubsafir.webnode.cz\/\">https:\/\/fotoklubsafir.webnode.cz\/<\/a><\/p>\n\n\n\n<div class=\"wp-block-group has-small-font-size is-horizontal is-content-justification-right is-nowrap is-layout-flex wp-container-core-group-is-layout-1c040b41 wp-block-group-is-layout-flex\" style=\"font-style:italic;font-weight:200\">\n<p class=\"has-text-align-right has-small-font-size\"><em>Aktualizace <\/em><\/p>\n\n\n<div class=\"wp-block-post-date__modified-date wp-block-post-date\"><time datetime=\"2024-10-30T00:08:10+01:00\">30\/10\/2024<\/time><\/div><\/div>\n\n\n\n<p><\/p>\n","protected":false},"excerpt":{"rendered":"<p>Historie fotoklubu Traduje se, \u017ee se turnov\u0161t\u00ed fotografov\u00e9 sch\u00e1zeli k v\u00fdm\u011bn\u011b zku\u0161enost\u00ed ji\u017e kr\u00e1tce po prvn\u00ed sv\u011btov\u00e9 v\u00e1lce. Tato aktivita p\u0159etrvala s n\u011bkolika p\u0159est\u00e1vkami a\u017e do pades\u00e1t\u00fdch let, kdy patron\u00e1t <\/p>\n","protected":false},"author":1,"featured_media":0,"parent":409,"menu_order":0,"comment_status":"closed","ping_status":"closed","template":"","meta":{"ngg_post_thumbnail":0,"footnotes":""},"class_list":["post-1195","page","type-page","status-publish","hentry"],"_links":{"self":[{"href":"https:\/\/www.provaznik.info\/fotoprovaz\/wp-json\/wp\/v2\/pages\/1195","targetHints":{"allow":["GET"]}}],"collection":[{"href":"https:\/\/www.provaznik.info\/fotoprovaz\/wp-json\/wp\/v2\/pages"}],"about":[{"href":"https:\/\/www.provaznik.info\/fotoprovaz\/wp-json\/wp\/v2\/types\/page"}],"author":[{"embeddable":true,"href":"https:\/\/www.provaznik.info\/fotoprovaz\/wp-json\/wp\/v2\/users\/1"}],"replies":[{"embeddable":true,"href":"https:\/\/www.provaznik.info\/fotoprovaz\/wp-json\/wp\/v2\/comments?post=1195"}],"version-history":[{"count":5,"href":"https:\/\/www.provaznik.info\/fotoprovaz\/wp-json\/wp\/v2\/pages\/1195\/revisions"}],"predecessor-version":[{"id":1896,"href":"https:\/\/www.provaznik.info\/fotoprovaz\/wp-json\/wp\/v2\/pages\/1195\/revisions\/1896"}],"up":[{"embeddable":true,"href":"https:\/\/www.provaznik.info\/fotoprovaz\/wp-json\/wp\/v2\/pages\/409"}],"wp:attachment":[{"href":"https:\/\/www.provaznik.info\/fotoprovaz\/wp-json\/wp\/v2\/media?parent=1195"}],"curies":[{"name":"wp","href":"https:\/\/api.w.org\/{rel}","templated":true}]}}