{"id":1180,"date":"2023-09-12T22:37:42","date_gmt":"2023-09-12T21:37:42","guid":{"rendered":"https:\/\/www.provaznik.info\/fotoprovaz\/?page_id=1180"},"modified":"2025-08-28T14:59:18","modified_gmt":"2025-08-28T13:59:18","slug":"mapovy-okruh-nisa","status":"publish","type":"page","link":"https:\/\/www.provaznik.info\/fotoprovaz\/foto-odkazy\/foto-mapove-okruhy\/mapovy-okruh-nisa\/","title":{"rendered":"Mapov\u00fd okruh NISA"},"content":{"rendered":"\n<p>Mapov\u00fd okruh je ur\u010den pro fotokluby z Euroregionu NISA. Do prvn\u00edho ro\u010dn\u00edku se p\u0159ihl\u00e1silo pouze p\u011bt fotoklub\u016f, \u010dty\u0159i z \u010cech a jeden z Polska. Za vznikem tohoto mapov\u00e9ho okruhu stoj\u00ed B\u0159etislav Jansa a dal\u0161\u00ed \u010dlenov\u00e9 Fotoklubu SAF\u00cdR Turnov. D\u016fvodem vzniku byla mimo jin\u00e9 snaha nav\u00e1zat na historii \u201eMapov\u00e9ho okruhu 3\u00d73 Interfoto p\u0159\u00e1telstv\u00ed\u201c.  <\/p>\n\n\n\n<p>Prvn\u00ed ro\u010dn\u00edk mapov\u00e9ho okruhu NISA prob\u011bhl v roce 2023. <br>Po\u0159adatelem mapov\u00e9ho okruhu z\u016fst\u00e1v\u00e1 od sv\u00e9ho zalo\u017een\u00ed Fotoklubu SAF\u00cdR Turnov. <\/p>\n\n\n\n<h4 class=\"wp-block-heading\">Zdroje:<\/h4>\n\n\n\n<p>[01] <a href=\"https:\/\/fotoklubsafir.webnode.cz\/mapove-okruhy\/mo-nisa\/\" target=\"_blank\" rel=\"noreferrer noopener nofollow\">https:\/\/fotoklubsafir.webnode.cz\/mapove-okruhy\/mo-nisa\/<\/a><br>[02] <a href=\"https:\/\/cs.wikipedia.org\/wiki\/Euroregion_Nisa\" target=\"_blank\" rel=\"noreferrer noopener nofollow\">https:\/\/cs.wikipedia.org\/wiki\/Euroregion_Nisa<\/a> <br>[03] <a href=\"http:\/\/www.ifotovideo.cz\/rubriky\/souteze\/1-rocnik-mapoveho-okruhu-nisa_15318.html\" target=\"_blank\" rel=\"noreferrer noopener nofollow\">http:\/\/www.ifotovideo.cz\/rubriky\/souteze\/1-rocnik-mapoveho-okruhu-nisa_15318.html<\/a><br>[04] <a href=\"https:\/\/www.ifotovideo.cz\/rubriky\/souteze\/2-rocnik-mapoveho-okruhu-nisa_16324.html\">https:\/\/www.ifotovideo.cz\/rubriky\/souteze\/2-rocnik-mapoveho-okruhu-nisa_16324.html<\/a><br>[05] <a href=\"https:\/\/www.ifotovideo.cz\/rubriky\/souteze\/3-rocnik-mapoveho-okruhu-nisa_16952.html\" target=\"_blank\" rel=\"noreferrer noopener nofollow\">https:\/\/www.ifotovideo.cz\/rubriky\/souteze\/3-rocnik-mapoveho-okruhu-nisa_16952.html<\/a><\/p>\n\n\n\n<p><\/p>\n","protected":false},"excerpt":{"rendered":"<p>Mapov\u00fd okruh je ur\u010den pro fotokluby z Euroregionu NISA. Do prvn\u00edho ro\u010dn\u00edku se p\u0159ihl\u00e1silo pouze p\u011bt fotoklub\u016f, \u010dty\u0159i z \u010cech a jeden z Polska. Za vznikem tohoto mapov\u00e9ho okruhu stoj\u00ed <\/p>\n","protected":false},"author":1,"featured_media":0,"parent":1162,"menu_order":0,"comment_status":"closed","ping_status":"closed","template":"","meta":{"ngg_post_thumbnail":0,"footnotes":""},"class_list":["post-1180","page","type-page","status-publish","hentry"],"_links":{"self":[{"href":"https:\/\/www.provaznik.info\/fotoprovaz\/wp-json\/wp\/v2\/pages\/1180","targetHints":{"allow":["GET"]}}],"collection":[{"href":"https:\/\/www.provaznik.info\/fotoprovaz\/wp-json\/wp\/v2\/pages"}],"about":[{"href":"https:\/\/www.provaznik.info\/fotoprovaz\/wp-json\/wp\/v2\/types\/page"}],"author":[{"embeddable":true,"href":"https:\/\/www.provaznik.info\/fotoprovaz\/wp-json\/wp\/v2\/users\/1"}],"replies":[{"embeddable":true,"href":"https:\/\/www.provaznik.info\/fotoprovaz\/wp-json\/wp\/v2\/comments?post=1180"}],"version-history":[{"count":5,"href":"https:\/\/www.provaznik.info\/fotoprovaz\/wp-json\/wp\/v2\/pages\/1180\/revisions"}],"predecessor-version":[{"id":2995,"href":"https:\/\/www.provaznik.info\/fotoprovaz\/wp-json\/wp\/v2\/pages\/1180\/revisions\/2995"}],"up":[{"embeddable":true,"href":"https:\/\/www.provaznik.info\/fotoprovaz\/wp-json\/wp\/v2\/pages\/1162"}],"wp:attachment":[{"href":"https:\/\/www.provaznik.info\/fotoprovaz\/wp-json\/wp\/v2\/media?parent=1180"}],"curies":[{"name":"wp","href":"https:\/\/api.w.org\/{rel}","templated":true}]}}