{"id":1162,"date":"2023-09-12T10:42:38","date_gmt":"2023-09-12T09:42:38","guid":{"rendered":"https:\/\/www.provaznik.info\/fotoprovaz\/?page_id=1162"},"modified":"2024-10-29T23:41:42","modified_gmt":"2024-10-29T22:41:42","slug":"foto-mapove-okruhy","status":"publish","type":"page","link":"https:\/\/www.provaznik.info\/fotoprovaz\/foto-odkazy\/foto-mapove-okruhy\/","title":{"rendered":"Fotografick\u00e9 mapov\u00e9 okruhy"},"content":{"rendered":"\n<h2 class=\"wp-block-heading\">Co je Fotografick\u00fd mapov\u00fd okruh?<\/h2>\n\n\n\n<p>Fotografick\u00fd mapov\u00fd okruh je sout\u011b\u017e, ur\u010den\u00e1 pro fotokluby, jednotliv\u00e9 \u010dleny fotoklub\u016f nebo fotografy. Hlavn\u00edm smyslem je vz\u00e1jemn\u00e9 pozn\u00e1v\u00e1n\u00ed a porovn\u00e1v\u00e1n\u00ed fotografick\u00e9 tvorby.<br>Fotografov\u00e9 se \u00fa\u010dastn\u00ed ve dvou rol\u00edch. V roli sout\u011b\u017e\u00edc\u00edho, vytv\u00e1\u0159ej\u00ed fotografickou mapu. V roli hodnotitele, prov\u00e1d\u00ed hodnocen\u00ed jednotliv\u00fdch fotografick\u00fdch map ostatn\u00edch fotoklub\u016f.<\/p>\n\n\n\n<h2 class=\"wp-block-heading\">Co je fotografick\u00e1 mapa?<\/h2>\n\n\n\n<p>Mapa je soubor v\u011bt\u0161inou 20 fotografi\u00ed od minim\u00e1ln\u011b p\u011bti autor\u016f. Jej\u00edm c\u00edlem je prezentovat pr\u016f\u0159ez tvorbou jednotliv\u00fdch fotograf\u016f a fotografick\u00fdch klub\u016f. Fotografick\u00e9 mapy jsou nej\u010dast\u011bji prezentov\u00e1ny jako vyti\u0161t\u011bn\u00e9 fotografie.<\/p>\n\n\n\n<h2 class=\"wp-block-heading\">Kdy za\u010d\u00edn\u00e1 vlastn\u00ed sout\u011b\u017e?<\/h2>\n\n\n\n<p>Sout\u011b\u017e za\u010d\u00edn\u00e1 sestaven\u00edm mapy v z\u00e1\u0159\u00ed, \u010di na za\u010d\u00e1tku \u0159\u00edjna a jej\u00edm odesl\u00e1n\u00edm dal\u0161\u00edmu \u00fa\u010dastn\u00edku v \u0159ad\u011b. Sout\u011b\u017e kon\u010d\u00ed ohodnocen\u00edm v\u0161ech map v\u0161emi fotokluby, v\u011bt\u0161inou na konci kv\u011btna \u010di v \u010dervnu n\u00e1sleduj\u00edc\u00edho roku. <\/p>\n\n\n\n<h2 class=\"wp-block-heading\">Vyhodnocen\u00ed sout\u011b\u017ee<\/h2>\n\n\n\n<p>Slavnostn\u00ed vyhodnocen\u00ed sout\u011b\u017e\u00ed b\u00fdv\u00e1 v\u011bt\u0161inou bu\u010f p\u0159ed letn\u00edmi pr\u00e1zdninami (nap\u0159. Turnovsk\u00fd okruh) nebo t\u011bsn\u011b po nich za\u010d\u00e1tkem z\u00e1\u0159\u00ed (Ratibo\u0159ick\u00fd okruh a Vyso\u010dina). Nejl\u00e9pe hodnocen\u00e9 fotografie jsou \u010dasto vystavov\u00e1ny na v\u00fdstav\u00e1ch.<\/p>\n\n\n\n<h2 class=\"wp-block-heading\">\u010cesk\u00e9, \u010desko-polsk\u00e9 a \u010desko-n\u011bmeck\u00e9 fotografick\u00e9 mapov\u00e9 okruhy<\/h2>\n\n\n\n<p><a href=\"https:\/\/www.provaznik.info\/fotoprovaz\/foto-odkazy\/foto-mapove-okruhy\/turnovsky-mapovy-okruh\/\" data-type=\"page\" data-id=\"1198\">Turnovsk\u00fd mapov\u00fd okruh (1970)<\/a><\/p>\n\n\n\n<p><a href=\"https:\/\/www.provaznik.info\/fotoprovaz\/foto-odkazy\/foto-mapove-okruhy\/fotograficky-mapovy-okruh-cesky-raj\/\" data-type=\"page\" data-id=\"1187\">Mapov\u00fd okruh \u010cesk\u00fd r\u00e1j<\/a> (1961)<\/p>\n\n\n\n<p>Mapov\u00fd okruh Blatensk\u00e1 r\u016f\u017ee<\/p>\n\n\n\n<p>Mapov\u00fd okruh Nek\u00e1zanka (1958)<\/p>\n\n\n\n<p><a href=\"https:\/\/www.provaznik.info\/fotoprovaz\/foto-odkazy\/foto-mapove-okruhy\/fotograficky-mapovy-okruh-vysocina\/\" data-type=\"page\" data-id=\"1833\">Mapov\u00fd okruh Vyso\u010dina (1957)<\/a><\/p>\n\n\n\n<p>Moravskoslezsk\u00fd mapov\u00fd okruh<\/p>\n\n\n\n<p><a href=\"https:\/\/www.provaznik.info\/fotoprovaz\/foto-odkazy\/foto-mapove-okruhy\/fotograficky-mapovy-okruh-rmo-ratiboricky-mapovy-okruh\/\" data-type=\"page\" data-id=\"1790\">Ratibo\u0159ick\u00fd mapov\u00fd okruh (RMO &#8211; 1971)<\/a><\/p>\n\n\n\n<p>\u010ceskobud\u011bjovick\u00fd mapov\u00fd okruh<\/p>\n\n\n\n<p>Slov\u00e1ck\u00fd mapov\u00fd okruh<\/p>\n\n\n\n<p><a href=\"https:\/\/www.provaznik.info\/fotoprovaz\/foto-odkazy\/foto-mapove-okruhy\/mapovy-okruh-nisa\/\" data-type=\"page\" data-id=\"1180\">Mapov\u00fd okruh NISA<\/a> (elektronick\u00fd, 2023)<\/p>\n\n\n\n<h2 class=\"wp-block-heading\">Zanikl\u00e9 nebo neaktivn\u00ed fotografick\u00e9 mapov\u00e9 okruhy <\/h2>\n\n\n\n<p><a href=\"https:\/\/www.provaznik.info\/fotoprovaz\/foto-odkazy\/foto-mapove-okruhy\/3x3-interfoto-pratelstvi\/\" data-type=\"page\" data-id=\"1171\">3&#215;3 Interfoto p\u0159\u00e1telstv\u00ed<\/a> (1975-1989) <\/p>\n\n\n\n<p>Mapov\u00fd okruh Jizersk\u00fdch hor (1957-?)<\/p>\n\n\n\n<p>Sudk\u016fv mapov\u00fd okruh (1956-?)<\/p>\n\n\n\n<div class=\"wp-block-group has-small-font-size is-horizontal is-content-justification-right is-nowrap is-layout-flex wp-container-core-group-is-layout-1c040b41 wp-block-group-is-layout-flex\" style=\"font-style:italic;font-weight:200\">\n<p class=\"has-text-align-right has-small-font-size\"><em>Aktualizace <\/em><\/p>\n\n\n<div class=\"wp-block-post-date__modified-date wp-block-post-date\"><time datetime=\"2024-10-29T23:41:42+01:00\">29\/10\/2024<\/time><\/div><\/div>\n\n\n\n<p><\/p>\n","protected":false},"excerpt":{"rendered":"<p>Co je Fotografick\u00fd mapov\u00fd okruh? Fotografick\u00fd mapov\u00fd okruh je sout\u011b\u017e, ur\u010den\u00e1 pro fotokluby, jednotliv\u00e9 \u010dleny fotoklub\u016f nebo fotografy. Hlavn\u00edm smyslem je vz\u00e1jemn\u00e9 pozn\u00e1v\u00e1n\u00ed a porovn\u00e1v\u00e1n\u00ed fotografick\u00e9 tvorby.Fotografov\u00e9 se \u00fa\u010dastn\u00ed ve <\/p>\n","protected":false},"author":1,"featured_media":0,"parent":561,"menu_order":0,"comment_status":"closed","ping_status":"closed","template":"","meta":{"ngg_post_thumbnail":0,"footnotes":""},"class_list":["post-1162","page","type-page","status-publish","hentry"],"_links":{"self":[{"href":"https:\/\/www.provaznik.info\/fotoprovaz\/wp-json\/wp\/v2\/pages\/1162","targetHints":{"allow":["GET"]}}],"collection":[{"href":"https:\/\/www.provaznik.info\/fotoprovaz\/wp-json\/wp\/v2\/pages"}],"about":[{"href":"https:\/\/www.provaznik.info\/fotoprovaz\/wp-json\/wp\/v2\/types\/page"}],"author":[{"embeddable":true,"href":"https:\/\/www.provaznik.info\/fotoprovaz\/wp-json\/wp\/v2\/users\/1"}],"replies":[{"embeddable":true,"href":"https:\/\/www.provaznik.info\/fotoprovaz\/wp-json\/wp\/v2\/comments?post=1162"}],"version-history":[{"count":17,"href":"https:\/\/www.provaznik.info\/fotoprovaz\/wp-json\/wp\/v2\/pages\/1162\/revisions"}],"predecessor-version":[{"id":1884,"href":"https:\/\/www.provaznik.info\/fotoprovaz\/wp-json\/wp\/v2\/pages\/1162\/revisions\/1884"}],"up":[{"embeddable":true,"href":"https:\/\/www.provaznik.info\/fotoprovaz\/wp-json\/wp\/v2\/pages\/561"}],"wp:attachment":[{"href":"https:\/\/www.provaznik.info\/fotoprovaz\/wp-json\/wp\/v2\/media?parent=1162"}],"curies":[{"name":"wp","href":"https:\/\/api.w.org\/{rel}","templated":true}]}}