{"id":1082,"date":"2023-06-01T22:25:37","date_gmt":"2023-06-01T21:25:37","guid":{"rendered":"https:\/\/www.provaznik.info\/fotoprovaz\/?page_id=1082"},"modified":"2023-06-01T23:03:43","modified_gmt":"2023-06-01T22:03:43","slug":"foto-citaty","status":"publish","type":"page","link":"https:\/\/www.provaznik.info\/fotoprovaz\/foto-citaty\/","title":{"rendered":"Foto-cit\u00e1ty"},"content":{"rendered":"\n<p>Na t\u00e9to str\u00e1nce najdete cit\u00e1ty p\u0159edn\u00edch \u010desk\u00fdch i sv\u011btov\u00fdch fotograf\u016f, cit\u00e1ty o fotografii, fotografech nebo jin\u00e9 cit\u00e1ty spojen\u00e9 s fotografi\u00ed.<\/p>\n\n\n\n<blockquote class=\"wp-block-quote is-layout-flow wp-block-quote-is-layout-flow\">\n<p>Modern\u00ed fotografie je tedy sp\u00ed\u0161e zobrazen\u00edm n\u011bjak\u00e9 my\u0161lenky nebo n\u011bjak\u00e9ho citu pomoc\u00ed zobrazen\u00ed ur\u010dit\u00fdch p\u0159edm\u011bt\u016f ne\u017eli pouh\u00fdm zobrazen\u00edm t\u011bchto p\u0159edm\u011bt\u016f samotn\u00fdch.<\/p>\n<cite>Eugen Wi\u0161kovsk\u00fd<\/cite><\/blockquote>\n\n\n\n<blockquote class=\"wp-block-quote is-layout-flow wp-block-quote-is-layout-flow\">\n<p>\u201ePrvn\u00edch 10 000 fotografi\u00ed je nejhor\u0161\u00edch.\u201c<\/p>\n<cite>Henri Cartier-Bresson<\/cite><\/blockquote>\n\n\n\n<blockquote class=\"wp-block-quote is-layout-flow wp-block-quote-is-layout-flow\">\n<p>\u201ePokud m\u00e1m n\u011bco hodnotn\u00e9ho vzk\u00e1zat za\u010d\u00e1te\u010dn\u00edk\u016fm, bude to fakt, \u017ee ve fotografii neexistuj\u00ed zkratky.\u201c<\/p>\n<cite>Edward Weston<\/cite><\/blockquote>\n\n\n\n<blockquote class=\"wp-block-quote is-layout-flow wp-block-quote-is-layout-flow\">\n<p>\u201eNejsou-li va\u0161e fotografie dobr\u00e9, nebyli jste dost bl\u00edzko!\u201c<\/p>\n<cite>Robert Capa<\/cite><\/blockquote>\n\n\n\n<blockquote class=\"wp-block-quote is-layout-flow wp-block-quote-is-layout-flow\">\n<p>\u201eAni v\u0161echna technika na sv\u011bt\u011b neod\u010din\u00ed neschopnost v\u0161\u00edmat si.\u201c <\/p>\n<cite>Elliott Erwitt<\/cite><\/blockquote>\n\n\n\n<blockquote class=\"wp-block-quote is-layout-flow wp-block-quote-is-layout-flow\">\n<p>\u201eNeexistuje nic hor\u0161\u00edho ne\u017e ostr\u00e1 fotka s nejasn\u00fdm konceptem.\u201c <\/p>\n<cite>Ansel Adams<\/cite><\/blockquote>\n\n\n\n<blockquote class=\"wp-block-quote is-layout-flow wp-block-quote-is-layout-flow\">\n<p>Krajina modern\u00ed, krajina modern\u00edho \u017eivota, jest giganti\u010dnost velkom\u011bsta, velkom\u011bstsk\u00e9ho \u017eivota, ohromnost tov\u00e1ren, n\u00e1dra\u017e\u00ed, shon automobil\u016f a v\u0161ech element\u016f, kter\u00e9 jsou modern\u00edmu \u010dlov\u011bku zdrojem pohodl\u00ed i \u00fanavy a \u017eivotn\u00edho shonu.&#8220;<\/p>\n<cite>Jarom\u00edr Funke<\/cite><\/blockquote>\n\n\n\n<blockquote class=\"wp-block-quote is-layout-flow wp-block-quote-is-layout-flow\">\n<p>P\u016fvab v\u0161eho je v z\u00e1hadnosti.<\/p>\n<cite><a href=\"https:\/\/www.provaznik.info\/fotoprovaz\/foto-odkazy\/osobnosti-cz-sk\/sudek-josef-1896-1976\/\" data-type=\"page\" data-id=\"751\">Josef Sudek<\/a><\/cite><\/blockquote>\n","protected":false},"excerpt":{"rendered":"<p>Na t\u00e9to str\u00e1nce najdete cit\u00e1ty p\u0159edn\u00edch \u010desk\u00fdch i sv\u011btov\u00fdch fotograf\u016f, cit\u00e1ty o fotografii, fotografech nebo jin\u00e9 cit\u00e1ty spojen\u00e9 s fotografi\u00ed. Modern\u00ed fotografie je tedy sp\u00ed\u0161e zobrazen\u00edm n\u011bjak\u00e9 my\u0161lenky nebo n\u011bjak\u00e9ho <\/p>\n","protected":false},"author":1,"featured_media":0,"parent":0,"menu_order":0,"comment_status":"closed","ping_status":"closed","template":"","meta":{"ngg_post_thumbnail":0,"footnotes":""},"class_list":["post-1082","page","type-page","status-publish","hentry"],"_links":{"self":[{"href":"https:\/\/www.provaznik.info\/fotoprovaz\/wp-json\/wp\/v2\/pages\/1082","targetHints":{"allow":["GET"]}}],"collection":[{"href":"https:\/\/www.provaznik.info\/fotoprovaz\/wp-json\/wp\/v2\/pages"}],"about":[{"href":"https:\/\/www.provaznik.info\/fotoprovaz\/wp-json\/wp\/v2\/types\/page"}],"author":[{"embeddable":true,"href":"https:\/\/www.provaznik.info\/fotoprovaz\/wp-json\/wp\/v2\/users\/1"}],"replies":[{"embeddable":true,"href":"https:\/\/www.provaznik.info\/fotoprovaz\/wp-json\/wp\/v2\/comments?post=1082"}],"version-history":[{"count":5,"href":"https:\/\/www.provaznik.info\/fotoprovaz\/wp-json\/wp\/v2\/pages\/1082\/revisions"}],"predecessor-version":[{"id":1092,"href":"https:\/\/www.provaznik.info\/fotoprovaz\/wp-json\/wp\/v2\/pages\/1082\/revisions\/1092"}],"wp:attachment":[{"href":"https:\/\/www.provaznik.info\/fotoprovaz\/wp-json\/wp\/v2\/media?parent=1082"}],"curies":[{"name":"wp","href":"https:\/\/api.w.org\/{rel}","templated":true}]}}